{"id":42399,"date":"2022-03-16T13:12:21","date_gmt":"2022-03-16T13:12:21","guid":{"rendered":"https:\/\/historyland.nl\/?post_type=product&#038;p=42399"},"modified":"2026-02-17T14:18:50","modified_gmt":"2026-02-17T14:18:50","slug":"groepstickets","status":"publish","type":"product","link":"https:\/\/historyland.nl\/en\/tickets\/groepstickets\/","title":{"rendered":"Groepstickets incl. Historygolf kopen"},"content":{"rendered":"<p>Welkom bij onze exclusieve aanbiedingen voor groepen! Deze unieke ervaringen zijn speciaal samengesteld voor grote gezelschappen vanaf 20 personen:<\/p>\n<p>&#8211; Geniet van een boeiend historisch bezoek aan het museum en het park.<br \/>\n&#8211; Speel een ronde op de 12-holes Historyland golfbaan.<br \/>\n&#8211; Gratis parkeergelegenheid beschikbaar.<\/p>\n<p>Stap binnen in een wereld vol geschiedenis en avontuur, perfect voor groepen die samen willen genieten van bijzondere ervaringen!<\/p>\n<p>&#8212;&#8212;&#8212;&#8212;&#8212;&#8212;&#8212;&#8212;&#8212;&#8212;&#8212;&#8212;&#8212;&#8212;&#8211;<\/p>\n<p>Willkommen zu unseren exklusiven Angeboten f\u00fcr Gruppen! Diese einzigartigen Erlebnisse sind speziell f\u00fcr gro\u00dfe Gruppen ab 20 Personen zusammengestellt:<\/p>\n<p>&#8211; Genie\u00dfen Sie einen faszinierenden historischen Besuch im Museum und Park.<br \/>\n&#8211; Spielen Sie eine Runde auf dem 12-Loch Historyland Golfplatz.<br \/>\n&#8211; Kostenlose Parkpl\u00e4tze stehen zur Verf\u00fcgung.<\/p>\n<p>Tauchen Sie ein in eine Welt voller Geschichte und Abenteuer, perfekt f\u00fcr Gruppen, die gemeinsam besondere Erlebnisse genie\u00dfen m\u00f6chten!<\/p>\n<p>&nbsp;<\/p>\n","protected":false},"excerpt":{"rendered":"<p>Welkom bij onze exclusieve aanbiedingen voor groepen! Deze unieke ervaringen zijn speciaal samengesteld voor grote gezelschappen vanaf 20 personen: &#8211; Geniet van een boeiend historisch bezoek aan het museum en het park. &#8211; Speel een ronde op de 12-holes Historyland golfbaan. &#8211; Gratis parkeergelegenheid beschikbaar. Stap binnen in een wereld vol geschiedenis en avontuur, perfect [&hellip;]<\/p>\n","protected":false},"featured_media":62242,"template":"","meta":{"_acf_changed":false},"product_brand":[],"product_cat":[152],"product_tag":[],"class_list":{"0":"post-42399","1":"product","2":"type-product","3":"status-publish","4":"has-post-thumbnail","6":"product_cat-toegangskaart","9":"first","10":"instock","11":"sold-individually","12":"taxable","13":"shipping-taxable","14":"purchasable","15":"product-type-booking"},"booking_location":"","booking_location_type":"","booking_duration":1,"booking_duration_unit":"day","booking_buffer":0,"booking_cost":0,"booking_resources":[],"acf":[],"_links":{"self":[{"href":"https:\/\/historyland.nl\/en\/wp-json\/wp\/v2\/product\/42399","targetHints":{"allow":["GET"]}}],"collection":[{"href":"https:\/\/historyland.nl\/en\/wp-json\/wp\/v2\/product"}],"about":[{"href":"https:\/\/historyland.nl\/en\/wp-json\/wp\/v2\/types\/product"}],"wp:featuredmedia":[{"embeddable":true,"href":"https:\/\/historyland.nl\/en\/wp-json\/wp\/v2\/media\/62242"}],"wp:attachment":[{"href":"https:\/\/historyland.nl\/en\/wp-json\/wp\/v2\/media?parent=42399"}],"wp:term":[{"taxonomy":"product_brand","embeddable":true,"href":"https:\/\/historyland.nl\/en\/wp-json\/wp\/v2\/product_brand?post=42399"},{"taxonomy":"product_cat","embeddable":true,"href":"https:\/\/historyland.nl\/en\/wp-json\/wp\/v2\/product_cat?post=42399"},{"taxonomy":"product_tag","embeddable":true,"href":"https:\/\/historyland.nl\/en\/wp-json\/wp\/v2\/product_tag?post=42399"}],"curies":[{"name":"wp","href":"https:\/\/api.w.org\/{rel}","templated":true}]}}