{"id":54056,"date":"2023-12-19T12:01:04","date_gmt":"2023-12-19T12:01:04","guid":{"rendered":"https:\/\/historyland.nl\/?post_type=product&#038;p=54056"},"modified":"2026-02-17T14:16:32","modified_gmt":"2026-02-17T14:16:32","slug":"groepstickets-kopen","status":"publish","type":"product","link":"https:\/\/historyland.nl\/de\/tickets\/groepstickets-kopen\/","title":{"rendered":"Groepstickets kopen"},"content":{"rendered":"<p>Welkom bij onze exclusieve aanbiedingen voor groepen! Deze unieke ervaringen zijn speciaal samengesteld voor grote gezelschappen vanaf 20 personen:<\/p>\n<ul>\n<li>Geniet van een boeiend historisch bezoek aan het museum en het park.<\/li>\n<li>Gratis parkeergelegenheid beschikbaar.<\/li>\n<\/ul>\n<p>Stap binnen in een wereld vol geschiedenis en avontuur, perfect voor groepen die samen willen genieten van bijzondere ervaringen!<\/p>\n<hr \/>\n<p>Willkommen zu unseren exklusiven Angeboten f\u00fcr Gruppen! Diese einzigartigen Erlebnisse sind speziell f\u00fcr gro\u00dfe Gruppen ab 20 Personen zusammengestellt:<\/p>\n<ul>\n<li>Genie\u00dfen Sie einen faszinierenden historischen Besuch im Museum und Park.<\/li>\n<li>Kostenlose Parkpl\u00e4tze stehen zur Verf\u00fcgung.<\/li>\n<\/ul>\n<p>Tauchen Sie ein in eine Welt voller Geschichte und Abenteuer, perfekt f\u00fcr Gruppen, die gemeinsam besondere Erlebnisse genie\u00dfen m\u00f6chten!<\/p>\n","protected":false},"excerpt":{"rendered":"<p>Welkom bij onze exclusieve aanbiedingen voor groepen! Deze unieke ervaringen zijn speciaal samengesteld voor grote gezelschappen vanaf 20 personen: Geniet van een boeiend historisch bezoek aan het museum en het park. Gratis parkeergelegenheid beschikbaar. Stap binnen in een wereld vol geschiedenis en avontuur, perfect voor groepen die samen willen genieten van bijzondere ervaringen! Willkommen zu [&hellip;]<\/p>\n","protected":false},"featured_media":62241,"template":"","meta":{"_acf_changed":false},"product_brand":[],"product_cat":[152],"product_tag":[],"class_list":{"0":"post-54056","1":"product","2":"type-product","3":"status-publish","4":"has-post-thumbnail","6":"product_cat-toegangskaart","9":"first","10":"instock","11":"sold-individually","12":"taxable","13":"shipping-taxable","14":"purchasable","15":"product-type-booking"},"booking_location":"","booking_location_type":"","booking_duration":1,"booking_duration_unit":"day","booking_buffer":0,"booking_cost":0,"booking_resources":[],"acf":[],"_links":{"self":[{"href":"https:\/\/historyland.nl\/de\/wp-json\/wp\/v2\/product\/54056","targetHints":{"allow":["GET"]}}],"collection":[{"href":"https:\/\/historyland.nl\/de\/wp-json\/wp\/v2\/product"}],"about":[{"href":"https:\/\/historyland.nl\/de\/wp-json\/wp\/v2\/types\/product"}],"wp:featuredmedia":[{"embeddable":true,"href":"https:\/\/historyland.nl\/de\/wp-json\/wp\/v2\/media\/62241"}],"wp:attachment":[{"href":"https:\/\/historyland.nl\/de\/wp-json\/wp\/v2\/media?parent=54056"}],"wp:term":[{"taxonomy":"product_brand","embeddable":true,"href":"https:\/\/historyland.nl\/de\/wp-json\/wp\/v2\/product_brand?post=54056"},{"taxonomy":"product_cat","embeddable":true,"href":"https:\/\/historyland.nl\/de\/wp-json\/wp\/v2\/product_cat?post=54056"},{"taxonomy":"product_tag","embeddable":true,"href":"https:\/\/historyland.nl\/de\/wp-json\/wp\/v2\/product_tag?post=54056"}],"curies":[{"name":"wp","href":"https:\/\/api.w.org\/{rel}","templated":true}]}}