{"id":57425,"date":"2024-10-08T14:09:17","date_gmt":"2024-10-08T14:09:17","guid":{"rendered":"https:\/\/historyland.nl\/?page_id=57425"},"modified":"2024-11-21T15:07:39","modified_gmt":"2024-11-21T15:07:39","slug":"mammoet-laboratorium","status":"publish","type":"page","link":"https:\/\/historyland.nl\/de\/mammoet-laboratorium\/","title":{"rendered":"Mammut-Labor"},"content":{"rendered":"<p><strong>Entdecke das Mammut-Labor im Historyland Park<\/strong><br \/>\nTritt ein in das faszinierende Mammut-Labor, eine einzigartige Sammlung von Z\u00e4hnen, Backenz\u00e4hnen und Knochen ausgestorbener Eiszeits\u00e4ugetiere wie Mammuts und Nash\u00f6rnern. Diese beeindruckenden Fossilien, die gr\u00f6\u00dftenteils vom Meeresboden der Nordsee stammen, bilden die Grundlage f\u00fcr bahnbrechende wissenschaftliche Forschung. Erfahre mehr \u00fcber diese mysteri\u00f6sen Tiere, die einst die Erde durchstreiften, und entdecke die Geheimnisse der Eiszeit in unserem Labor.<\/p>\n<p><strong>Besuche das Mammut-Labor<a href=\"https:\/\/historyland.nl\/wp-content\/uploads\/2024\/11\/IMG_4033-scaled.jpg\" rel=\"lightbox[57425]\"><img decoding=\"async\" class=\"wp-image-57805 size-medium alignright\" src=\"https:\/\/historyland.nl\/wp-content\/uploads\/2024\/11\/IMG_4033-300x200.jpg\" alt=\"\" width=\"300\" height=\"200\" srcset=\"https:\/\/historyland.nl\/wp-content\/uploads\/2024\/11\/IMG_4033-300x200.jpg 300w, https:\/\/historyland.nl\/wp-content\/uploads\/2024\/11\/IMG_4033-1030x687.jpg 1030w, https:\/\/historyland.nl\/wp-content\/uploads\/2024\/11\/IMG_4033-80x53.jpg 80w, https:\/\/historyland.nl\/wp-content\/uploads\/2024\/11\/IMG_4033-768x512.jpg 768w, https:\/\/historyland.nl\/wp-content\/uploads\/2024\/11\/IMG_4033-1536x1024.jpg 1536w, https:\/\/historyland.nl\/wp-content\/uploads\/2024\/11\/IMG_4033-2048x1365.jpg 2048w, https:\/\/historyland.nl\/wp-content\/uploads\/2024\/11\/IMG_4033-600x400.jpg 600w\" sizes=\"(max-width: 300px) 100vw, 300px\" \/><\/a><\/strong><br \/>\nM\u00f6chtest du einen Blick hinter die Kulissen werfen? Besucher des Historyland Parks sind herzlich willkommen, das Mammut-Labor zu erkunden, wenn der Kurator anwesend ist. Genie\u00dfe eine spannende F\u00fchrung, bei der du alles \u00fcber die hier stattfindende Forschung erf\u00e4hrst. Au\u00dferdem steht dir der Kurator gerne f\u00fcr alle Fragen zu Eiszeittieren und Pal\u00e4ontologie zur Verf\u00fcgung.<\/p>\n<p><strong>\u00d6ffnungszeiten<\/strong><br \/>\nAb dem 2. November 2024 ist das Mammut-Labor mittwochs und freitags ge\u00f6ffnet.<\/p>\n<p>&nbsp;<\/p>","protected":false},"excerpt":{"rendered":"<p>Entdecke das Mammut-Labor im Historyland Park Tritt ein in das faszinierende Mammut-Labor, eine einzigartige Sammlung von Z\u00e4hnen, Backenz\u00e4hnen und Knochen ausgestorbener Eiszeits\u00e4ugetiere wie Mammuts und Nash\u00f6rnern. Diese beeindruckenden Fossilien, die gr\u00f6\u00dftenteils vom Meeresboden der Nordsee stammen, bilden die Grundlage f\u00fcr bahnbrechende wissenschaftliche Forschung. Erfahre mehr \u00fcber diese mysteri\u00f6sen Tiere, die einst die Erde durchstreiften, und [&hellip;]<\/p>\n","protected":false},"author":4,"featured_media":0,"parent":0,"menu_order":0,"comment_status":"closed","ping_status":"closed","template":"","meta":{"_acf_changed":false,"footnotes":""},"class_list":["post-57425","page","type-page","status-publish","hentry"],"acf":[],"_links":{"self":[{"href":"https:\/\/historyland.nl\/de\/wp-json\/wp\/v2\/pages\/57425","targetHints":{"allow":["GET"]}}],"collection":[{"href":"https:\/\/historyland.nl\/de\/wp-json\/wp\/v2\/pages"}],"about":[{"href":"https:\/\/historyland.nl\/de\/wp-json\/wp\/v2\/types\/page"}],"author":[{"embeddable":true,"href":"https:\/\/historyland.nl\/de\/wp-json\/wp\/v2\/users\/4"}],"replies":[{"embeddable":true,"href":"https:\/\/historyland.nl\/de\/wp-json\/wp\/v2\/comments?post=57425"}],"version-history":[{"count":0,"href":"https:\/\/historyland.nl\/de\/wp-json\/wp\/v2\/pages\/57425\/revisions"}],"wp:attachment":[{"href":"https:\/\/historyland.nl\/de\/wp-json\/wp\/v2\/media?parent=57425"}],"curies":[{"name":"wp","href":"https:\/\/api.w.org\/{rel}","templated":true}]}}