{"id":54874,"date":"2024-04-03T09:19:08","date_gmt":"2024-04-03T09:19:08","guid":{"rendered":"https:\/\/historyland.nl\/?page_id=54874"},"modified":"2026-03-31T11:58:28","modified_gmt":"2026-03-31T11:58:28","slug":"deutsch-horeca","status":"publish","type":"page","link":"https:\/\/historyland.nl\/de\/deutsch-horeca\/","title":{"rendered":"Gastronomie"},"content":{"rendered":"<p><\/p>\n<p data-start=\"72\" data-end=\"111\"><strong data-start=\"72\" data-end=\"111\">Genussvoll Schlemmen in Historyland<\/strong><\/p>\n<p data-start=\"113\" data-end=\"354\">M\u00f6chten Sie w\u00e4hrend Ihres erlebnisreichen Tages eine kleine Pause einlegen und etwas Leckeres genie\u00dfen? In Historyland finden Sie zwei Gastronomiepunkte mit jeweils eigenem Angebot \u2013 so gibt es immer etwas Passendes f\u00fcr Ihren Moment im Park.<\/p>\n<p data-start=\"356\" data-end=\"411\"><strong data-start=\"356\" data-end=\"411\">Gastronomie am Eingang \u2013 F\u00fcr den herzhaften Appetit<\/strong><\/p>\n<p data-start=\"413\" data-end=\"553\">Direkt beim Eintritt werden Sie von unserem Snackcontainer begr\u00fc\u00dft. Der ideale Ort f\u00fcr einen genussvollen Start oder eine st\u00e4rkende Pause.<\/p>\n<p data-start=\"555\" data-end=\"822\">Genie\u00dfen Sie hier knusprige Pommes mit einer gro\u00dfen Auswahl an Snacks oder entscheiden Sie sich f\u00fcr eine frisch zubereitete Spirello (Kartoffelspirale). F\u00fcr unsere jungen Abenteurer gibt es das spezielle <strong data-start=\"759\" data-end=\"772\">Dino-Men\u00fc<\/strong> \u2013 eine leckere Mahlzeit, die Kinder begeistert.<\/p>\n<p data-start=\"824\" data-end=\"957\">Sie k\u00f6nnen sowohl auf unserer Au\u00dfenterrasse als auch im \u00fcberdachten Innenbereich Platz nehmen und Ihre Pause ganz entspannt genie\u00dfen.<\/p>\n<p data-start=\"959\" data-end=\"1014\"><strong data-start=\"959\" data-end=\"1014\">Gastronomie im Park \u2013 F\u00fcr eine erfrischende Auszeit<\/strong><\/p>\n<p data-start=\"1016\" data-end=\"1169\">Mitten im Park, in der N\u00e4he der Wasserattraktionen, befindet sich unser zweiter Gastronomiepunkt. Hier dreht sich alles um Erfrischung und Entspannung.<\/p>\n<p data-start=\"1171\" data-end=\"1483\">Nehmen Sie Platz auf einer unserer \u00fcberdachten Terrassen und genie\u00dfen Sie cremiges Softeis, bunte Slush Jack\u2019s, ein erfrischendes Getr\u00e4nk oder eine gute Tasse Kaffee. Au\u00dferdem erhalten Sie hier auch eine Portion Nachos. Bitte beachten Sie: An diesem Standort werden keine warmen Mahlzeiten oder Snacks angeboten.<\/p>\n<p data-start=\"1485\" data-end=\"1531\"><strong data-start=\"1485\" data-end=\"1531\">Kurz entspannen \u2013 und weiter ins Abenteuer<\/strong><\/p>\n<p data-start=\"1533\" data-end=\"1692\">Ob Sie gleich zu Beginn etwas Herzhaftes m\u00f6chten oder sich zwischendurch abk\u00fchlen wollen \u2013 unsere Gastronomieangebote machen Ihren Tag in Historyland komplett.<\/p>\n<p><\/p>","protected":false},"excerpt":{"rendered":"<p>Genussvoll Schlemmen in Historyland M\u00f6chten Sie w\u00e4hrend Ihres erlebnisreichen Tages eine kleine Pause einlegen und etwas Leckeres genie\u00dfen? In Historyland finden Sie zwei Gastronomiepunkte mit jeweils eigenem Angebot \u2013 so gibt es immer etwas Passendes f\u00fcr Ihren Moment im Park. Gastronomie am Eingang \u2013 F\u00fcr den herzhaften Appetit Direkt beim Eintritt werden Sie von unserem [&hellip;]<\/p>\n","protected":false},"author":4,"featured_media":0,"parent":0,"menu_order":0,"comment_status":"closed","ping_status":"closed","template":"","meta":{"_acf_changed":false,"footnotes":""},"class_list":["post-54874","page","type-page","status-publish","hentry"],"acf":[],"_links":{"self":[{"href":"https:\/\/historyland.nl\/de\/wp-json\/wp\/v2\/pages\/54874","targetHints":{"allow":["GET"]}}],"collection":[{"href":"https:\/\/historyland.nl\/de\/wp-json\/wp\/v2\/pages"}],"about":[{"href":"https:\/\/historyland.nl\/de\/wp-json\/wp\/v2\/types\/page"}],"author":[{"embeddable":true,"href":"https:\/\/historyland.nl\/de\/wp-json\/wp\/v2\/users\/4"}],"replies":[{"embeddable":true,"href":"https:\/\/historyland.nl\/de\/wp-json\/wp\/v2\/comments?post=54874"}],"version-history":[{"count":0,"href":"https:\/\/historyland.nl\/de\/wp-json\/wp\/v2\/pages\/54874\/revisions"}],"wp:attachment":[{"href":"https:\/\/historyland.nl\/de\/wp-json\/wp\/v2\/media?parent=54874"}],"curies":[{"name":"wp","href":"https:\/\/api.w.org\/{rel}","templated":true}]}}