{"id":50951,"date":"2023-06-28T12:32:15","date_gmt":"2023-06-28T12:32:15","guid":{"rendered":"https:\/\/historyland.nl\/?page_id=50951"},"modified":"2025-01-22T13:50:54","modified_gmt":"2025-01-22T13:50:54","slug":"zuidelijke-mammoet-mammuthus-meridionalis","status":"publish","type":"page","link":"https:\/\/historyland.nl\/de\/zuidelijke-mammoet-mammuthus-meridionalis\/","title":{"rendered":"S\u00fcdliches Mammut &#8211; Mammuthus meridionalis"},"content":{"rendered":"<p><img decoding=\"async\" class=\"size-medium wp-image-50952 alignright\" src=\"https:\/\/historyland.nl\/wp-content\/uploads\/2023\/06\/Zuidelijke-mammoet-300x300.jpg\" alt=\"Zuidelijke mammoet Mammuthus meridionalis (Nesti, 1825).\" width=\"300\" height=\"300\" srcset=\"https:\/\/historyland.nl\/wp-content\/uploads\/2023\/06\/Zuidelijke-mammoet-300x300.jpg 300w, https:\/\/historyland.nl\/wp-content\/uploads\/2023\/06\/Zuidelijke-mammoet-1030x1030.jpg 1030w, https:\/\/historyland.nl\/wp-content\/uploads\/2023\/06\/Zuidelijke-mammoet-80x80.jpg 80w, https:\/\/historyland.nl\/wp-content\/uploads\/2023\/06\/Zuidelijke-mammoet-768x768.jpg 768w, https:\/\/historyland.nl\/wp-content\/uploads\/2023\/06\/Zuidelijke-mammoet-1536x1536.jpg 1536w, https:\/\/historyland.nl\/wp-content\/uploads\/2023\/06\/Zuidelijke-mammoet-90x90.jpg 90w, https:\/\/historyland.nl\/wp-content\/uploads\/2023\/06\/Zuidelijke-mammoet-59x59.jpg 59w, https:\/\/historyland.nl\/wp-content\/uploads\/2023\/06\/Zuidelijke-mammoet-600x600.jpg 600w, https:\/\/historyland.nl\/wp-content\/uploads\/2023\/06\/Zuidelijke-mammoet-100x100.jpg 100w, https:\/\/historyland.nl\/wp-content\/uploads\/2023\/06\/Zuidelijke-mammoet.jpg 2048w\" sizes=\"(max-width: 300px) 100vw, 300px\" \/>Entdecken Sie den S\u00fcdlichen Mammut: ein riesiger pr\u00e4historischer Elefant, der einst die Niederlande durchstreifte! Treten Sie einem beeindruckenden Nachbau dieses ikonischen Tieres gegen\u00fcber, geschaffen von Paleo-K\u00fcnstler Jim van Dijk. Mit einer Schulterh\u00f6he von \u00fcber vier Metern und Merkmalen, die ihn von seinem bekannteren Verwandten, dem Wollhaarmammut, unterscheiden, ist diese Rekonstruktion ein Unikat. Besuchen Sie das Museum Historyland in Hellevoetsluis und bewundern Sie weltweit die allererste Rekonstruktion des S\u00fcdlichen Mammuts.<\/p>","protected":false},"excerpt":{"rendered":"<p>Entdecken Sie den S\u00fcdlichen Mammut: ein riesiger pr\u00e4historischer Elefant, der einst die Niederlande durchstreifte! Treten Sie einem beeindruckenden Nachbau dieses ikonischen Tieres gegen\u00fcber, geschaffen von Paleo-K\u00fcnstler Jim van Dijk. Mit einer Schulterh\u00f6he von \u00fcber vier Metern und Merkmalen, die ihn von seinem bekannteren Verwandten, dem Wollhaarmammut, unterscheiden, ist diese Rekonstruktion ein Unikat. Besuchen Sie das [&hellip;]<\/p>\n","protected":false},"author":4,"featured_media":0,"parent":0,"menu_order":0,"comment_status":"closed","ping_status":"closed","template":"","meta":{"_acf_changed":false,"footnotes":""},"class_list":["post-50951","page","type-page","status-publish","hentry"],"acf":[],"_links":{"self":[{"href":"https:\/\/historyland.nl\/de\/wp-json\/wp\/v2\/pages\/50951","targetHints":{"allow":["GET"]}}],"collection":[{"href":"https:\/\/historyland.nl\/de\/wp-json\/wp\/v2\/pages"}],"about":[{"href":"https:\/\/historyland.nl\/de\/wp-json\/wp\/v2\/types\/page"}],"author":[{"embeddable":true,"href":"https:\/\/historyland.nl\/de\/wp-json\/wp\/v2\/users\/4"}],"replies":[{"embeddable":true,"href":"https:\/\/historyland.nl\/de\/wp-json\/wp\/v2\/comments?post=50951"}],"version-history":[{"count":0,"href":"https:\/\/historyland.nl\/de\/wp-json\/wp\/v2\/pages\/50951\/revisions"}],"wp:attachment":[{"href":"https:\/\/historyland.nl\/de\/wp-json\/wp\/v2\/media?parent=50951"}],"curies":[{"name":"wp","href":"https:\/\/api.w.org\/{rel}","templated":true}]}}