{"id":45360,"date":"2022-08-17T11:07:24","date_gmt":"2022-08-17T11:07:24","guid":{"rendered":"https:\/\/historyland.nl\/?page_id=45360"},"modified":"2023-08-11T14:53:47","modified_gmt":"2023-08-11T14:53:47","slug":"romeinen-land","status":"publish","type":"page","link":"https:\/\/historyland.nl\/de\/romeinen-land\/","title":{"rendered":"Land der R\u00f6mer"},"content":{"rendered":"<p>Willkommen im Land der R\u00f6mer, wo Abenteuer und Spa\u00df Hand in Hand gehen! Bei uns k\u00f6nnen Kinder ihre sportliche Seite voll ausleben. Unsere wundersch\u00f6ne Lage bietet eine Vielzahl von Aktivit\u00e4ten, vom Klettern und Herumtoben bis zum Schaukeln und Wippen. Aber das ist noch nicht alles \u2013 unsere atemberaubende Seilbahn wartet darauf, erkundet zu werden, f\u00fcr diejenigen, die sich trauen!<\/p>\n<p>Im Land der R\u00f6mer k\u00f6nnen abenteuerlustige Kinder eine Vielzahl von Aktivit\u00e4ten genie\u00dfen. Vom Klettern und Herumtoben bis zum Schaukeln, Wippen und einer atemberaubenden Seilbahnfahrt ist f\u00fcr jeden etwas dabei! Auch f\u00fcr die Kleinen ist gesorgt, mit einer speziellen Rutsche und einer kinderfreundlichen Kletterwand.<\/p>\n<p>W\u00e4hrend die Kinder sich vergn\u00fcgen, k\u00f6nnen die Eltern die Action in unserer Arena genie\u00dfen. Nehmen Sie Platz und schauen Sie zu, wie die Kleinen sich austoben. Und f\u00fcr diejenigen, die sich gerne selbst messen m\u00f6chten, haben wir einen aufregenden Tauziehwettbewerb in der Arena &#8211; wer wird sich zum st\u00e4rksten R\u00f6mer von Historyland kr\u00f6nen?<\/p>\n<p>Bist du abenteuerlustig veranlagt? Wage dich auf unsere Schaukeln oder fordere dich selbst heraus, die Seilbahn auszuprobieren. Traust du dich?<\/p>\n<p>Und das Beste von allem? Der Eintritt in das Land der R\u00f6mer ist im regul\u00e4ren Eintrittspreis enthalten. Du musst also keine zus\u00e4tzlichen Kosten aufbringen, um diese historische und abenteuerliche Attraktion zu genie\u00dfen.<\/p>\n<p>Komm mit der ganzen Familie nach Historyland und erlebe gemeinsam einen unvergesslichen Tag voller Spa\u00df, Action und Geschichte im Land der R\u00f6mer! Wir freuen uns darauf, dich willkommen zu hei\u00dfen.<\/p>","protected":false},"excerpt":{"rendered":"<p>Willkommen im Land der R\u00f6mer, wo Abenteuer und Spa\u00df Hand in Hand gehen! Bei uns k\u00f6nnen Kinder ihre sportliche Seite voll ausleben. Unsere wundersch\u00f6ne Lage bietet eine Vielzahl von Aktivit\u00e4ten, vom Klettern und Herumtoben bis zum Schaukeln und Wippen. Aber das ist noch nicht alles \u2013 unsere atemberaubende Seilbahn wartet darauf, erkundet zu werden, f\u00fcr [&hellip;]<\/p>\n","protected":false},"author":4,"featured_media":47466,"parent":0,"menu_order":0,"comment_status":"closed","ping_status":"closed","template":"","meta":{"_acf_changed":false,"footnotes":""},"class_list":["post-45360","page","type-page","status-publish","has-post-thumbnail","hentry"],"acf":[],"_links":{"self":[{"href":"https:\/\/historyland.nl\/de\/wp-json\/wp\/v2\/pages\/45360","targetHints":{"allow":["GET"]}}],"collection":[{"href":"https:\/\/historyland.nl\/de\/wp-json\/wp\/v2\/pages"}],"about":[{"href":"https:\/\/historyland.nl\/de\/wp-json\/wp\/v2\/types\/page"}],"author":[{"embeddable":true,"href":"https:\/\/historyland.nl\/de\/wp-json\/wp\/v2\/users\/4"}],"replies":[{"embeddable":true,"href":"https:\/\/historyland.nl\/de\/wp-json\/wp\/v2\/comments?post=45360"}],"version-history":[{"count":0,"href":"https:\/\/historyland.nl\/de\/wp-json\/wp\/v2\/pages\/45360\/revisions"}],"wp:featuredmedia":[{"embeddable":true,"href":"https:\/\/historyland.nl\/de\/wp-json\/wp\/v2\/media\/47466"}],"wp:attachment":[{"href":"https:\/\/historyland.nl\/de\/wp-json\/wp\/v2\/media?parent=45360"}],"curies":[{"name":"wp","href":"https:\/\/api.w.org\/{rel}","templated":true}]}}