{"id":19860,"date":"2020-08-05T12:48:40","date_gmt":"2020-08-05T12:48:40","guid":{"rendered":"https:\/\/historyland.nl\/?page_id=19860"},"modified":"2026-01-09T11:07:51","modified_gmt":"2026-01-09T11:07:51","slug":"veel-gestelde-vragen","status":"publish","type":"page","link":"https:\/\/historyland.nl\/de\/veel-gestelde-vragen\/","title":{"rendered":"H\u00e4ufig gestellte Fragen"},"content":{"rendered":"<p><strong>Muss ich die gedruckten Tickets mitbringen?<\/strong><br \/>\nDie Best\u00e4tigung, die Sie per E-Mail erhalten, ist auch Ihr Ticket. Sie k\u00f6nnen es von Ihrem Telefon am Schalter unseres Gesch\u00e4fts aus zeigen oder es gedruckt mitnehmen.<\/p>\n<p><strong>Ich habe reserviert, aber wir k\u00f6nnen nicht an diesem Tag?<\/strong><br \/>\nBitte senden Sie eine E-Mail an info@historyland.nl und teilen Sie uns mit, wann Sie kommen k\u00f6nnten. Ihr Ticket wird zur\u00fcckgestellt.<\/p>\n<p><strong>Wie reserviere ich mit einer Geburtstagskarte \/ kostenlosen Karte \/ einem Abonnement?<\/strong><br \/>\nIm Ticket-Shop k\u00f6nnen Sie (kostenlos) spezielle Tickets nach Datum f\u00fcr Abonnenten und Geburtstagskarten reservieren.<\/p>\n<p><strong>Wie lange bist du schon im Park \/ Museum?<\/strong><br \/>\nDas ist nat\u00fcrlich f\u00fcr jeden anders. Der Park ist gro\u00df genug f\u00fcr stundenlange Unterhaltung. Es gibt auch viel zu tun und Sie k\u00f6nnen unsere kleine Speisekarte im Teegarten genie\u00dfen.<\/p>\n<p><strong>Hunde erlaubt?<\/strong><br \/>\nLeider sind Tiere im Historyland nicht erlaubt.<\/p>\n<p><strong>Ist eine Museumsjahreskarte oder Rotterdampas g\u00fcltig?<\/strong><br \/>\nNein, diese sind nicht g\u00fcltig. Wir sind keine Regierungsbeh\u00f6rde, sondern Privateigentum.<\/p>\n<p><strong>Ist der Rollstuhl \/ Mobilit\u00e4tsroller zug\u00e4nglich?<\/strong><br \/>\nDas Historyland ist f\u00fcr Rollst\u00fchle und Mobilit\u00e4tsroller zug\u00e4nglich. Die gr\u00f6\u00dferen Mobilit\u00e4tsroller passen jedoch nicht nach oben in den Aufzug. Dies betrifft die oberste Etage des Museums im Inneren.<\/p>\n<p><strong>Kann ich mit Debitkarte oder Kreditkarte bezahlen?<\/strong><br \/>\nJa, das bevorzugen wir auch.<\/p>\n<p><strong>Gibt es im Historyland Essen oder Trinken?<\/strong><\/p>\n<p data-start=\"0\" data-end=\"286\">Im Herzen unseres Au\u00dfenparks befindet sich unser Gastronomiepunkt \u2013 der ideale Ort, um w\u00e4hrend Ihres Besuchs in Historyland eine Pause einzulegen. Hier holen Sie sich selbst ein Getr\u00e4nk oder eine kleine Leckerei und nehmen anschlie\u00dfend auf der gem\u00fctlichen Terrasse mitten im Park Platz.<\/p>\n<p data-start=\"288\" data-end=\"467\" data-is-last-node=\"\" data-is-only-node=\"\">Der Gastronomiepunkt funktioniert auf Selbstbedienungsbasis; es gibt keinen Service am Tisch. So k\u00f6nnen Sie ganz entspannt und flexibel genie\u00dfen \u2013 genau dann, wenn es Ihnen passt.<\/p>\n<p><strong>Was sind die \u00d6ffnungszeiten?<\/strong><br \/>\nDie \u00d6ffnungszeiten finden Sie auf unserer Website: <a href=\"https:\/\/historyland.nl\/de\/bezoekers-info\/\">https:\/\/historyland.nl\/bezoekers-info\/<\/a>.<\/p>","protected":false},"excerpt":{"rendered":"<p>Muss ich die gedruckten Tickets mitbringen? Die Best\u00e4tigung, die Sie per E-Mail erhalten, ist auch Ihr Ticket. Sie k\u00f6nnen es von Ihrem Telefon am Schalter unseres Gesch\u00e4fts aus zeigen oder es gedruckt mitnehmen. Ich habe reserviert, aber wir k\u00f6nnen nicht an diesem Tag? Bitte senden Sie eine E-Mail an info@historyland.nl und teilen Sie uns mit, [&hellip;]<\/p>\n","protected":false},"author":4,"featured_media":0,"parent":0,"menu_order":0,"comment_status":"closed","ping_status":"closed","template":"","meta":{"_acf_changed":false,"footnotes":""},"class_list":["post-19860","page","type-page","status-publish","hentry"],"acf":[],"_links":{"self":[{"href":"https:\/\/historyland.nl\/de\/wp-json\/wp\/v2\/pages\/19860","targetHints":{"allow":["GET"]}}],"collection":[{"href":"https:\/\/historyland.nl\/de\/wp-json\/wp\/v2\/pages"}],"about":[{"href":"https:\/\/historyland.nl\/de\/wp-json\/wp\/v2\/types\/page"}],"author":[{"embeddable":true,"href":"https:\/\/historyland.nl\/de\/wp-json\/wp\/v2\/users\/4"}],"replies":[{"embeddable":true,"href":"https:\/\/historyland.nl\/de\/wp-json\/wp\/v2\/comments?post=19860"}],"version-history":[{"count":0,"href":"https:\/\/historyland.nl\/de\/wp-json\/wp\/v2\/pages\/19860\/revisions"}],"wp:attachment":[{"href":"https:\/\/historyland.nl\/de\/wp-json\/wp\/v2\/media?parent=19860"}],"curies":[{"name":"wp","href":"https:\/\/api.w.org\/{rel}","templated":true}]}}