{"id":19837,"date":"2020-08-05T11:23:23","date_gmt":"2020-08-05T11:23:23","guid":{"rendered":"https:\/\/historyland.nl\/?page_id=19837"},"modified":"2020-08-05T13:03:03","modified_gmt":"2020-08-05T13:03:03","slug":"waterwerken","status":"publish","type":"page","link":"https:\/\/historyland.nl\/de\/waterwerken\/","title":{"rendered":"Wasserwerk"},"content":{"rendered":"<p>Nach dem Erfolg des Spray Parks hat Historyland dem Park diesen Sommer mehr Wasserspa\u00df verliehen! Neben dem Goudzoekersdorp befindet sich das Wasserwerk des Geschichtslandes mit einem Grundwasser von bis zu 30 Metern Tiefe.<\/p>\n<p>Ein sch\u00f6ner Wasserspielplatz, auf dem Kinder ihre Energie freisetzen und sorglos mit Wasser spielen k\u00f6nnen. Zum Beispiel k\u00f6nnen sie das erfrischende Wasser mit Wasserpumpen entlang der verschiedenen Beh\u00e4lter bewegen, wonach sie den Wasserstr\u00f6men \u00fcber den Kletterrahmen folgen und H\u00fcgel spielen k\u00f6nnen. Endloser Spa\u00df garantiert!<\/p>\n<div id='gallery-2' class='gallery galleryid-19837 gallery-columns-2 gallery-size-medium'><figure class='gallery-item'>\n\t\t\t<div class='gallery-icon portrait'>\n\t\t\t\t<a href='https:\/\/historyland.nl\/wp-content\/uploads\/Waterwerken-1-1-scaled.jpg' rel=\"lightbox[19837]\"><img decoding=\"async\" width=\"225\" height=\"300\" src=\"https:\/\/historyland.nl\/wp-content\/uploads\/Waterwerken-1-1-225x300.jpg\" class=\"attachment-medium size-medium\" alt=\"\" srcset=\"https:\/\/historyland.nl\/wp-content\/uploads\/Waterwerken-1-1-225x300.jpg 225w, https:\/\/historyland.nl\/wp-content\/uploads\/Waterwerken-1-1-773x1030.jpg 773w, https:\/\/historyland.nl\/wp-content\/uploads\/Waterwerken-1-1-768x1024.jpg 768w, https:\/\/historyland.nl\/wp-content\/uploads\/Waterwerken-1-1-1152x1536.jpg 1152w, https:\/\/historyland.nl\/wp-content\/uploads\/Waterwerken-1-1-1536x2048.jpg 1536w, https:\/\/historyland.nl\/wp-content\/uploads\/Waterwerken-1-1-600x800.jpg 600w, https:\/\/historyland.nl\/wp-content\/uploads\/Waterwerken-1-1-scaled.jpg 1920w\" sizes=\"(max-width: 225px) 100vw, 225px\" \/><\/a>\n\t\t\t<\/div><\/figure><figure class='gallery-item'>\n\t\t\t<div class='gallery-icon portrait'>\n\t\t\t\t<a href='https:\/\/historyland.nl\/wp-content\/uploads\/Waterwerken-2-scaled.jpg' rel=\"lightbox[19837]\"><img decoding=\"async\" width=\"225\" height=\"300\" src=\"https:\/\/historyland.nl\/wp-content\/uploads\/Waterwerken-2-225x300.jpg\" class=\"attachment-medium size-medium\" alt=\"\" srcset=\"https:\/\/historyland.nl\/wp-content\/uploads\/Waterwerken-2-225x300.jpg 225w, https:\/\/historyland.nl\/wp-content\/uploads\/Waterwerken-2-773x1030.jpg 773w, https:\/\/historyland.nl\/wp-content\/uploads\/Waterwerken-2-768x1024.jpg 768w, https:\/\/historyland.nl\/wp-content\/uploads\/Waterwerken-2-1152x1536.jpg 1152w, https:\/\/historyland.nl\/wp-content\/uploads\/Waterwerken-2-1536x2048.jpg 1536w, https:\/\/historyland.nl\/wp-content\/uploads\/Waterwerken-2-600x800.jpg 600w, https:\/\/historyland.nl\/wp-content\/uploads\/Waterwerken-2-scaled.jpg 1920w\" sizes=\"(max-width: 225px) 100vw, 225px\" \/><\/a>\n\t\t\t<\/div><\/figure>\n\t\t<\/div>\n<\/p>","protected":false},"excerpt":{"rendered":"<p>Nach dem Erfolg des Spray Parks hat Historyland dem Park diesen Sommer mehr Wasserspa\u00df verliehen! Neben dem Goudzoekersdorp befindet sich das Wasserwerk des Geschichtslandes mit einem Grundwasser von bis zu 30 Metern Tiefe. Ein sch\u00f6ner Wasserspielplatz, auf dem Kinder ihre Energie freisetzen und sorglos mit Wasser spielen k\u00f6nnen. Zum Beispiel k\u00f6nnen sie das erfrischende Wasser [&hellip;]<\/p>\n","protected":false},"author":4,"featured_media":0,"parent":0,"menu_order":0,"comment_status":"closed","ping_status":"closed","template":"","meta":{"_acf_changed":false,"footnotes":""},"class_list":["post-19837","page","type-page","status-publish","hentry"],"acf":[],"_links":{"self":[{"href":"https:\/\/historyland.nl\/de\/wp-json\/wp\/v2\/pages\/19837","targetHints":{"allow":["GET"]}}],"collection":[{"href":"https:\/\/historyland.nl\/de\/wp-json\/wp\/v2\/pages"}],"about":[{"href":"https:\/\/historyland.nl\/de\/wp-json\/wp\/v2\/types\/page"}],"author":[{"embeddable":true,"href":"https:\/\/historyland.nl\/de\/wp-json\/wp\/v2\/users\/4"}],"replies":[{"embeddable":true,"href":"https:\/\/historyland.nl\/de\/wp-json\/wp\/v2\/comments?post=19837"}],"version-history":[{"count":0,"href":"https:\/\/historyland.nl\/de\/wp-json\/wp\/v2\/pages\/19837\/revisions"}],"wp:attachment":[{"href":"https:\/\/historyland.nl\/de\/wp-json\/wp\/v2\/media?parent=19837"}],"curies":[{"name":"wp","href":"https:\/\/api.w.org\/{rel}","templated":true}]}}