{"id":15652,"date":"2019-07-12T09:33:50","date_gmt":"2019-07-12T09:33:50","guid":{"rendered":"https:\/\/historyland.nl\/?page_id=15652"},"modified":"2024-02-13T09:54:37","modified_gmt":"2024-02-13T09:54:37","slug":"waterspeelpark-spetteren-en-spatteren-duurzaam","status":"publish","type":"page","link":"https:\/\/historyland.nl\/de\/waterspeelpark-spetteren-en-spatteren-duurzaam\/","title":{"rendered":"Wasserspielplatz"},"content":{"rendered":"<p><\/p>\n<h3>Wasserspielplatz<\/h3>\n<p><a href=\"https:\/\/historyland.nl\/wp-content\/uploads\/Meiden-in-bootje-logo.jpg\" rel=\"lightbox[15652]\"><img decoding=\"async\" class=\"alignright wp-image-15682 size-medium\" src=\"https:\/\/historyland.nl\/wp-content\/uploads\/Meiden-in-bootje-logo-300x200.jpg\" alt=\"\" width=\"300\" height=\"200\" srcset=\"https:\/\/historyland.nl\/wp-content\/uploads\/Meiden-in-bootje-logo-300x200.jpg 300w, https:\/\/historyland.nl\/wp-content\/uploads\/Meiden-in-bootje-logo-768x512.jpg 768w, https:\/\/historyland.nl\/wp-content\/uploads\/Meiden-in-bootje-logo-1030x687.jpg 1030w, https:\/\/historyland.nl\/wp-content\/uploads\/Meiden-in-bootje-logo-600x400.jpg 600w\" sizes=\"(max-width: 300px) 100vw, 300px\" \/><\/a><\/p>\n<p>Entdecken Sie den funkelnden Wasserspielplatz von Historyland, eine aufregende Erg\u00e4nzung, die seit dem Sommer 2019 f\u00fcr erfrischenden Spa\u00df sorgt! Nach all den fesselnden historischen Abenteuern gibt es keine bessere M\u00f6glichkeit, sich abzuk\u00fchlen, als mit etwas Wasserfreude. Lassen Sie sich von den faszinierenden Attraktionen \u00fcberraschen, darunter ein atemberaubender Wasser speiender Dinosaurierkopf und spannende Wasserpistolen.<\/p>\n<p>Ob Sie in Badekleidung ankommen oder nicht, jeder ist willkommen, an diesem spritzigen Spektakel teilzunehmen. Badekleidung ist optional, sodass Sie einfach die Wasservergn\u00fcgen genie\u00dfen k\u00f6nnen. Dar\u00fcber hinaus ist unser Wasserpark f\u00fcr die Kleinsten ab nur 1,5 Jahren sicher, da keine Ertrinkungsgefahr besteht.<\/p>\n<p>Es ist uns wichtig, dass unser Park f\u00fcr alle zug\u00e4nglich ist. Daher hei\u00dfen wir auch Menschen mit Behinderungen, die im Rollstuhl sitzen, herzlich willkommen. Bei Historyland sind wir der Meinung, dass Vergn\u00fcgen f\u00fcr alle zug\u00e4nglich sein sollte!<\/p>\n<p>Kommen Sie vorbei und erleben Sie einen unvergesslichen Tag voller Wasserspa\u00df bei Historyland. Wir k\u00f6nnen es kaum erwarten, Sie zu begr\u00fc\u00dfen!<\/p>\n<p>&nbsp;<\/p>\n<p><b>Nachhaltig<\/b><\/p>\n<p>Entdecken Sie den nachhaltigen Wasserspielplatz von Historyland, dessen Konzept direkt aus der Natur stammt! Erleben Sie den Spa\u00df, zwischen lebensechten Ameisen und k\u00fchlenden Kieselsteinen zu spielen, und kehren Sie zur\u00fcck zur Basis, w\u00e4hrend Sie den ganzen Tag im Wasser verbringen. Bei Historyland wird Nachhaltigkeit gro\u00dfgeschrieben, wie am Permakultur-Layout des Museumsgel\u00e4ndes zu erkennen ist. Der Spray Park erf\u00fcllt diese Nachhaltigkeitsanforderungen, indem das Wasser, das aus den Ger\u00e4ten gespr\u00fcht wird, wiederverwendet wird. Dar\u00fcber hinaus wird das System abschnittsweise aktiviert und schaltet sich automatisch aus, wenn nicht mehr damit gespielt wird.<\/p>\n<p>Und das Beste daran: Der Zugang zum Wasserspielplatz ist im Eintrittspreis enthalten. Kommen Sie also vorbei und genie\u00dfen Sie einen Tag voller Spa\u00df und Nachhaltigkeit bei Historyland!<\/p>\n<div id='gallery-3' class='gallery galleryid-15652 gallery-columns-3 gallery-size-large'><figure class='gallery-item'>\n\t\t\t<div class='gallery-icon landscape'>\n\t\t\t\t<a href='https:\/\/historyland.nl\/de\/waterspeelpark-spetteren-en-spatteren-duurzaam\/attachment\/hailey-met-bal-logo\/'><img decoding=\"async\" width=\"474\" height=\"316\" src=\"https:\/\/historyland.nl\/wp-content\/uploads\/Hailey-met-bal-logo-1030x687.jpg\" class=\"attachment-large size-large\" alt=\"\" srcset=\"https:\/\/historyland.nl\/wp-content\/uploads\/Hailey-met-bal-logo-1030x687.jpg 1030w, https:\/\/historyland.nl\/wp-content\/uploads\/Hailey-met-bal-logo-300x200.jpg 300w, https:\/\/historyland.nl\/wp-content\/uploads\/Hailey-met-bal-logo-768x512.jpg 768w, https:\/\/historyland.nl\/wp-content\/uploads\/Hailey-met-bal-logo-600x400.jpg 600w\" sizes=\"(max-width: 474px) 100vw, 474px\" \/><\/a>\n\t\t\t<\/div><\/figure><figure class='gallery-item'>\n\t\t\t<div class='gallery-icon landscape'>\n\t\t\t\t<a href='https:\/\/historyland.nl\/de\/waterspeelpark-spetteren-en-spatteren-duurzaam\/attachment\/denzel-logo\/'><img decoding=\"async\" width=\"474\" height=\"316\" src=\"https:\/\/historyland.nl\/wp-content\/uploads\/Denzel-logo-1030x687.jpg\" class=\"attachment-large size-large\" alt=\"\" srcset=\"https:\/\/historyland.nl\/wp-content\/uploads\/Denzel-logo-1030x687.jpg 1030w, https:\/\/historyland.nl\/wp-content\/uploads\/Denzel-logo-300x200.jpg 300w, https:\/\/historyland.nl\/wp-content\/uploads\/Denzel-logo-768x512.jpg 768w, https:\/\/historyland.nl\/wp-content\/uploads\/Denzel-logo-600x400.jpg 600w\" sizes=\"(max-width: 474px) 100vw, 474px\" \/><\/a>\n\t\t\t<\/div><\/figure><figure class='gallery-item'>\n\t\t\t<div class='gallery-icon landscape'>\n\t\t\t\t<a href='https:\/\/historyland.nl\/de\/waterspeelpark-spetteren-en-spatteren-duurzaam\/attachment\/2-meiden-waterpistool-logo\/'><img decoding=\"async\" width=\"474\" height=\"316\" src=\"https:\/\/historyland.nl\/wp-content\/uploads\/2-meiden-waterpistool-logo-1030x687.jpg\" class=\"attachment-large size-large\" alt=\"\" srcset=\"https:\/\/historyland.nl\/wp-content\/uploads\/2-meiden-waterpistool-logo-1030x687.jpg 1030w, https:\/\/historyland.nl\/wp-content\/uploads\/2-meiden-waterpistool-logo-300x200.jpg 300w, https:\/\/historyland.nl\/wp-content\/uploads\/2-meiden-waterpistool-logo-768x512.jpg 768w, https:\/\/historyland.nl\/wp-content\/uploads\/2-meiden-waterpistool-logo-600x400.jpg 600w\" sizes=\"(max-width: 474px) 100vw, 474px\" \/><\/a>\n\t\t\t<\/div><\/figure>\n\t\t<\/div>\n<\/p>","protected":false},"excerpt":{"rendered":"<p>Wasserspielplatz Entdecken Sie den funkelnden Wasserspielplatz von Historyland, eine aufregende Erg\u00e4nzung, die seit dem Sommer 2019 f\u00fcr erfrischenden Spa\u00df sorgt! Nach all den fesselnden historischen Abenteuern gibt es keine bessere M\u00f6glichkeit, sich abzuk\u00fchlen, als mit etwas Wasserfreude. Lassen Sie sich von den faszinierenden Attraktionen \u00fcberraschen, darunter ein atemberaubender Wasser speiender Dinosaurierkopf und spannende Wasserpistolen. Ob [&hellip;]<\/p>\n","protected":false},"author":4,"featured_media":0,"parent":0,"menu_order":0,"comment_status":"closed","ping_status":"closed","template":"","meta":{"_acf_changed":false,"footnotes":""},"class_list":["post-15652","page","type-page","status-publish","hentry"],"acf":[],"_links":{"self":[{"href":"https:\/\/historyland.nl\/de\/wp-json\/wp\/v2\/pages\/15652","targetHints":{"allow":["GET"]}}],"collection":[{"href":"https:\/\/historyland.nl\/de\/wp-json\/wp\/v2\/pages"}],"about":[{"href":"https:\/\/historyland.nl\/de\/wp-json\/wp\/v2\/types\/page"}],"author":[{"embeddable":true,"href":"https:\/\/historyland.nl\/de\/wp-json\/wp\/v2\/users\/4"}],"replies":[{"embeddable":true,"href":"https:\/\/historyland.nl\/de\/wp-json\/wp\/v2\/comments?post=15652"}],"version-history":[{"count":0,"href":"https:\/\/historyland.nl\/de\/wp-json\/wp\/v2\/pages\/15652\/revisions"}],"wp:attachment":[{"href":"https:\/\/historyland.nl\/de\/wp-json\/wp\/v2\/media?parent=15652"}],"curies":[{"name":"wp","href":"https:\/\/api.w.org\/{rel}","templated":true}]}}