{"id":14318,"date":"2019-02-28T14:11:28","date_gmt":"2019-02-28T12:11:28","guid":{"rendered":"https:\/\/historyland.nl\/?page_id=14318"},"modified":"2026-01-09T11:03:25","modified_gmt":"2026-01-09T11:03:25","slug":"dagje-uit","status":"publish","type":"page","link":"https:\/\/historyland.nl\/de\/dagje-uit\/","title":{"rendered":"Ausflug"},"content":{"rendered":"<p><\/p>\n<h2>Erleben Sie einen Tag im Historyland<\/h2>\n<p>Bei Historyland machen Sie eine Zeitreise. Vor Millionen von Jahren, zur Zeit der riesigen Dinos. Oder etwas j\u00fcngeres zur Zeit der Mammuts. Auf diese Weise erfahren Sie alles \u00fcber diese beeindruckenden Tiere in der Ausstellung &#8220;Mammoth Steppe&#8221; im Museum. Bewundern Sie die pr\u00e4historischen Fossilien und Nachbildungen ausgestorbener Tiere und sehen Sie beeindruckendes Material aus verschiedenen Kriegen. Drau\u00dfen geht das Abenteuer auf dem Kriegsgebiet weiter und Sie k\u00f6nnen selbst nach Fossilien oder Gold suchen. Besiege in der Zwischenzeit den franz\u00f6sischen General Napoleon auf unserem abenteuerlichen History Golf!<\/p>\n<hr \/>\n<p><img decoding=\"async\" class=\"alignright size-medium wp-image-14385\" src=\"https:\/\/historyland.nl\/wp-content\/uploads\/20190222_1258366701208488387957511-225x300.jpg\" alt=\"\" width=\"225\" height=\"300\" srcset=\"https:\/\/historyland.nl\/wp-content\/uploads\/20190222_1258366701208488387957511-225x300.jpg 225w, https:\/\/historyland.nl\/wp-content\/uploads\/20190222_1258366701208488387957511-768x1024.jpg 768w, https:\/\/historyland.nl\/wp-content\/uploads\/20190222_1258366701208488387957511-773x1030.jpg 773w, https:\/\/historyland.nl\/wp-content\/uploads\/20190222_1258366701208488387957511-600x800.jpg 600w\" sizes=\"(max-width: 225px) 100vw, 225px\" \/><strong>\u2026\u2026 Auf Historyland k\u00f6nnen Sie Geschichte erleben! &#8230;.<\/strong><br \/>\nW\u00e4hrend der letzten Eiszeit vor 116.000 bis 10.000 Jahren war es in Europa sehr kalt. In der Ausstellung &#8220;Die Mammutsteppe&#8221; f\u00fchren wir Sie zur\u00fcck in die Pleistoz\u00e4n-\u00c4ra, in der die wolligen Mammuts herumgingen.<\/p>\n<p>Kommen Sie ins Museum und erleben Sie, wie es ist, gegen\u00fcber einer echten, lebensgro\u00dfen Mammutfamilie, einem furchterregenden S\u00e4belzahntiger, einem H\u00f6hlenb\u00e4ren oder einem wolligen Nashorn zu stehen.\u00a0Hier finden Sie eine umfangreiche Sammlung von Fossilien aus verschiedenen Epochen und ein zusammengesetztes Mammutskelett, das aus 184 Mammuts besteht. Im Museum k\u00f6nnen Sie sehen, wie die ersten modernen Menschen lebten, Sammler jagten und jagten.<\/p>\n<hr \/>\n<p><a href=\"https:\/\/historyland.nl\/wp-content\/uploads\/844A8579.jpg\" rel=\"lightbox[14318]\"><img decoding=\"async\" class=\"alignright wp-image-14393 size-medium\" src=\"https:\/\/historyland.nl\/wp-content\/uploads\/844A8579-300x200.jpg\" alt=\"\" width=\"300\" height=\"200\" srcset=\"https:\/\/historyland.nl\/wp-content\/uploads\/844A8579-300x200.jpg 300w, https:\/\/historyland.nl\/wp-content\/uploads\/844A8579-768x512.jpg 768w, https:\/\/historyland.nl\/wp-content\/uploads\/844A8579-1030x687.jpg 1030w, https:\/\/historyland.nl\/wp-content\/uploads\/844A8579-600x400.jpg 600w, https:\/\/historyland.nl\/wp-content\/uploads\/844A8579.jpg 1995w\" sizes=\"(max-width: 300px) 100vw, 300px\" \/><\/a><strong>Historypark<\/strong><\/p>\n<p>Der Outdoor-Park ist neun Hektar gro\u00df, rund neun Fu\u00dfballpl\u00e4tze. Ein Bereich, in dem Geschichte wirklich lebendig wird. Sie befinden sich im Jurassic Park zwischen den riesigen Dinos, aber Sie werden auch einen MIG21-Kampfjet, einen original Mil Mi-2-Kampfhubschrauber und ein FV432-Besatzungsfahrzeug auf dem speziell ausgestatteten Kriegsfeld passieren. Erholung und Bildung gehen hier im Einklang.<\/p>\n<p>&nbsp;<\/p>\n<hr \/>\n<p><a href=\"https:\/\/historyland.nl\/wp-content\/uploads\/20170821_155347-e1503569462800.jpg\" rel=\"lightbox[14318]\"><img decoding=\"async\" class=\"alignright wp-image-14648 size-medium\" src=\"https:\/\/historyland.nl\/wp-content\/uploads\/20170821_155347-e1503569462800-225x300.jpg\" alt=\"\" width=\"225\" height=\"300\" srcset=\"https:\/\/historyland.nl\/wp-content\/uploads\/20170821_155347-e1503569462800-225x300.jpg 225w, https:\/\/historyland.nl\/wp-content\/uploads\/20170821_155347-e1503569462800-768x1024.jpg 768w, https:\/\/historyland.nl\/wp-content\/uploads\/20170821_155347-e1503569462800-773x1030.jpg 773w, https:\/\/historyland.nl\/wp-content\/uploads\/20170821_155347-e1503569462800-600x800.jpg 600w\" sizes=\"(max-width: 225px) 100vw, 225px\" \/><\/a><strong>Kriegsfeld<\/strong><\/p>\n<p>Dies macht den Bunker zu einem echten Erlebnis, bei dem Sie erleben k\u00f6nnen, wie \u00e4ngstlich ein Bombenangriff gewesen sein muss. Sie h\u00f6ren die Motoren der Flugzeuge, das Quietschen fallender Bomben und Sie f\u00fchlen die Vibration der fallenden Bomben. Die V2-Rakete auf dem Kriegsfeld ist nicht zu \u00fcbersehen. Dieses Objekt kann an der Stelle betrachtet werden, an der sich der Kampfhubschrauber befindet, der von den Jugendlichen eifrig bestiegen und betrachtet wird. Ein wenig weiter gibt es zwei russische Gesch\u00fctze und auch einen Chieftain-Panzer, der sehr beeindruckend ist.<\/p>\n<p><br class=\"spacer_\" \/><br class=\"spacer_\" \/><\/p>\n<hr \/>\n<p><a href=\"https:\/\/historyland.nl\/wp-content\/uploads\/dino-1.jpg\" rel=\"lightbox[14318]\"><img decoding=\"async\" class=\"alignright wp-image-14640 size-medium\" src=\"https:\/\/historyland.nl\/wp-content\/uploads\/dino-1-300x200.jpg\" alt=\"\" width=\"300\" height=\"200\" srcset=\"https:\/\/historyland.nl\/wp-content\/uploads\/dino-1-300x200.jpg 300w, https:\/\/historyland.nl\/wp-content\/uploads\/dino-1-768x511.jpg 768w, https:\/\/historyland.nl\/wp-content\/uploads\/dino-1-600x399.jpg 600w, https:\/\/historyland.nl\/wp-content\/uploads\/dino-1.jpg 1024w\" sizes=\"(max-width: 300px) 100vw, 300px\" \/><\/a> <strong>Dinos<\/strong><\/p>\n<p>Der Dinopark ist genauso beeindruckend. Die wundersch\u00f6nen Nachbildungen der Dinosaurier im Park sind von weitem zu sehen. Sie ergen sich zwischen dem T-Rex, Triceratops, Velociraptor, Brachiosaurus und vielen anderen. Sie stellen sich in einer Art Jurassic Park vor. In der historischen Farm k\u00f6nnen Sie die verschiedenen echten Fossilien von Dinosauriern sehen, wie Knochen, Beine, Z\u00e4hne und Eier.<\/p>\n<p>&nbsp;<\/p>\n<hr \/>\n<p>&nbsp;<\/p>\n<p><img decoding=\"async\" class=\"size-medium wp-image-14351 alignright\" src=\"https:\/\/historyland.nl\/wp-content\/uploads\/IMG_4676-225x300.jpg\" alt=\"\" width=\"225\" height=\"300\" srcset=\"https:\/\/historyland.nl\/wp-content\/uploads\/IMG_4676-225x300.jpg 225w, https:\/\/historyland.nl\/wp-content\/uploads\/IMG_4676.jpg 768w, https:\/\/historyland.nl\/wp-content\/uploads\/IMG_4676-600x800.jpg 600w\" sizes=\"(max-width: 225px) 100vw, 225px\" \/><strong>Miniglofplatz<\/strong><\/p>\n<p>Auf unserem Minigolfplatz finden Sie auch einen gro\u00dfen Dinosaurier. History Golf ist 12 L\u00f6cher voller verr\u00fccktes Abenteuer! Ein wundersch\u00f6n angelegtes Adventure Minigolf, in dem Sie beim Golfen eine Reise durch die Geschichte machen. Fahren Sie mit einem Landfahrzeug oder einem Fischerboot \u00fcber das Wasser bis zum n\u00e4chsten Loch. Schie\u00dfen Sie durch eine Kanone aus dem 17. Jahrhundert. Inzwischen gr\u00fc\u00dfen Sie den gro\u00dfen kleinen General Napoleon. Oder gehen Sie durch das Herz eines Vulkans. Nur f\u00fcr echte Abenteurer!<br \/>\n<br class=\"spacer_\" \/><br class=\"spacer_\" \/><\/p>\n<hr \/>\n<p><img decoding=\"async\" class=\"size-medium wp-image-14392 alignright\" src=\"https:\/\/historyland.nl\/wp-content\/uploads\/51968919_2159997860727772_7816554382358478848_o-300x200.jpg\" alt=\"\" width=\"300\" height=\"200\" srcset=\"https:\/\/historyland.nl\/wp-content\/uploads\/51968919_2159997860727772_7816554382358478848_o-300x200.jpg 300w, https:\/\/historyland.nl\/wp-content\/uploads\/51968919_2159997860727772_7816554382358478848_o-768x512.jpg 768w, https:\/\/historyland.nl\/wp-content\/uploads\/51968919_2159997860727772_7816554382358478848_o-1030x686.jpg 1030w, https:\/\/historyland.nl\/wp-content\/uploads\/51968919_2159997860727772_7816554382358478848_o-600x400.jpg 600w, https:\/\/historyland.nl\/wp-content\/uploads\/51968919_2159997860727772_7816554382358478848_o.jpg 1772w\" sizes=\"(max-width: 300px) 100vw, 300px\" \/><strong>Im Bann des Goldes &#8230; das Goldsucherdorf<\/strong><\/p>\n<p>Apropos Abenteurer .. Es wird als das sch\u00f6nste Metall der Welt bezeichnet. Gold Magisch und wertvoll. Seien Sie f\u00fcr einen Tag Goldgr\u00e4ber und suchen Sie in einem der Hingucker des Parks nach &#8220;Gold&#8221;: Das Goldsucherdorf! Bewaffnet mit einem Sieb k\u00f6nnen Sie im Wasser nach kleinen Glitzern suchen, die Sie sogar mit nach Hause nehmen k\u00f6nnen! Spa\u00df alleine oder mit einer Gruppe.<\/p>\n<hr \/>\n<p><strong>Wasserspielplatz<\/strong><\/p>\n<p><img decoding=\"async\" class=\"alignright size-medium wp-image-15682\" src=\"https:\/\/historyland.nl\/wp-content\/uploads\/Meiden-in-bootje-logo-300x200.jpg\" alt=\"\" width=\"300\" height=\"200\" srcset=\"https:\/\/historyland.nl\/wp-content\/uploads\/Meiden-in-bootje-logo-300x200.jpg 300w, https:\/\/historyland.nl\/wp-content\/uploads\/Meiden-in-bootje-logo-768x512.jpg 768w, https:\/\/historyland.nl\/wp-content\/uploads\/Meiden-in-bootje-logo-1030x687.jpg 1030w, https:\/\/historyland.nl\/wp-content\/uploads\/Meiden-in-bootje-logo-600x400.jpg 600w\" sizes=\"(max-width: 300px) 100vw, 300px\" \/>Der Wasserpark kann in Badeanz\u00fcgen betreten werden, dies ist jedoch nicht vorgeschrieben oder erforderlich. Da keine Ertrinkungsgefahr besteht, betr\u00e4gt das Mindestalter 1,5 Jahre. Der Wasserpark wird ebenso wie die bereits bestehende Minigolfanlage f\u00fcr behinderte Menschen zug\u00e4nglich sein, die an einen Rollstuhl gebunden sind. Ein weiterer Vorteil f\u00fcr den Besucher ist, der Eintritt in den Wasserpark im regul\u00e4ren Eintrittspreis f\u00fcr Historyland enthalten ist.<\/p>\n<hr \/>\n<p><strong>Aktivit\u00e4ten f\u00fcr Kinder<\/strong><\/p>\n<p>Neben Golfen und Goldabbau gibt es noch viel mehr zu erleben. \u00dcbernimm die Rolle eines Wissenschaftlers und suche nach Spuren der Vergangenheit. Im Historypark k\u00f6nnen Kinder auf zwei eigens eingerichteten Ausgrabungsfeldern kostenlos Entdeckungen aus vorgeschichtlicher Zeit machen. Au\u00dferdem kann ein echtes Dinosaurierskelett ausgegraben werden. Auch sehr sch\u00f6n zu einem Kindergeburtstag oder Schulbesuch!<\/p>\n<hr \/>\n<p><img decoding=\"async\" class=\"alignright wp-image-14352 size-medium\" src=\"https:\/\/historyland.nl\/wp-content\/uploads\/IMG_5726-300x225.jpeg\" alt=\"\" width=\"300\" height=\"225\" srcset=\"https:\/\/historyland.nl\/wp-content\/uploads\/IMG_5726-300x225.jpeg 300w, https:\/\/historyland.nl\/wp-content\/uploads\/IMG_5726-768x576.jpeg 768w, https:\/\/historyland.nl\/wp-content\/uploads\/IMG_5726-1030x773.jpeg 1030w, https:\/\/historyland.nl\/wp-content\/uploads\/IMG_5726-600x450.jpeg 600w, https:\/\/historyland.nl\/wp-content\/uploads\/IMG_5726.jpeg 1280w\" sizes=\"(max-width: 300px) 100vw, 300px\" \/><strong>Nat\u00fcrliche Natur auf Historyland<\/strong><\/p>\n<p>Das Gebiet von Historyland ist nach den Grunds\u00e4tzen der Permakultur gegliedert. Dies bedeutet, dass wir in Zusammenarbeit mit der Natur ein gesundes \u00d6kosystem entwickeln. Autark wie immer. Unser Ziel ist eigenes fruchtbares Land zu erzeugen, auf dem wir schlie\u00dflich unsere eigene Nahrung anbauen k\u00f6nnen. Machen Sie einen Spaziergang durch den sch\u00f6nen Garten des Parks und genie\u00dfen Sie das Gr\u00fcn, wie es die Natur vorsieht. Vergessen Sie in der Zwischenzeit nicht, unsere kleinen Schweine George und Appie zu besuchen! Sie helfen uns, das Land zu fr\u00e4sen und sorgen f\u00fcr viel Spa\u00df.<\/p>\n<hr \/>\n<p><img decoding=\"async\" class=\"size-medium wp-image-14378 alignright\" src=\"https:\/\/historyland.nl\/wp-content\/uploads\/20190201_112235-e1551799864572-225x300.jpg\" alt=\"\" width=\"225\" height=\"300\" srcset=\"https:\/\/historyland.nl\/wp-content\/uploads\/20190201_112235-e1551799864572-225x300.jpg 225w, https:\/\/historyland.nl\/wp-content\/uploads\/20190201_112235-e1551799864572-768x1024.jpg 768w, https:\/\/historyland.nl\/wp-content\/uploads\/20190201_112235-e1551799864572-773x1030.jpg 773w, https:\/\/historyland.nl\/wp-content\/uploads\/20190201_112235-e1551799864572-600x800.jpg 600w\" sizes=\"(max-width: 225px) 100vw, 225px\" \/><strong>Gastronomie <\/strong><\/p>\n<div class=\"text-base my-auto mx-auto pb-10 [--thread-content-margin:--spacing(4)] @w-sm\/main:[--thread-content-margin:--spacing(6)] @w-lg\/main:[--thread-content-margin:--spacing(16)] px-(--thread-content-margin)\">\n<div class=\"[--thread-content-max-width:40rem] @w-lg\/main:[--thread-content-max-width:48rem] mx-auto max-w-(--thread-content-max-width) flex-1 group\/turn-messages focus-visible:outline-hidden relative flex w-full min-w-0 flex-col agent-turn\" tabindex=\"-1\">\n<div class=\"flex max-w-full flex-col grow\">\n<div class=\"min-h-8 text-message relative flex w-full flex-col items-end gap-2 text-start break-words whitespace-normal [.text-message+&amp;]:mt-1\" dir=\"auto\" data-message-author-role=\"assistant\" data-message-id=\"d64bb940-8ad8-4fe9-8729-055d6e06afe6\" data-message-model-slug=\"gpt-5-2-instant\">\n<div class=\"flex w-full flex-col gap-1 empty:hidden first:pt-[1px]\">\n<div class=\"markdown prose dark:prose-invert w-full break-words light markdown-new-styling\">\n<p data-start=\"69\" data-end=\"344\">Nach all den Abenteuern in Historyland ist es Zeit, sich entspannt zur\u00fcckzulehnen. Nehmen Sie Platz auf unserer stimmungsvollen Terrasse im Herzen des Au\u00dfenparks \u2013 genie\u00dfen Sie die Sonne oder sitzen Sie gem\u00fctlich gesch\u00fctzt unter einem unserer charakteristischen Stretchzelte.<\/p>\n<p data-start=\"346\" data-end=\"493\" data-is-last-node=\"\" data-is-only-node=\"\">Lassen Sie sich mit einer frisch zubereiteten Tasse Kaffee oder Tee verw\u00f6hnen, begleitet von einer leckeren Kleinigkeit zum Genie\u00dfen und Auftanken.<\/p>\n<\/div>\n<\/div>\n<\/div>\n<\/div>\n<\/div>\n<\/div>\n<p>&nbsp;<\/p>\n<p>&nbsp;<\/p>","protected":false},"excerpt":{"rendered":"<p>Erleben Sie einen Tag im Historyland Bei Historyland machen Sie eine Zeitreise. Vor Millionen von Jahren, zur Zeit der riesigen Dinos. Oder etwas j\u00fcngeres zur Zeit der Mammuts. Auf diese Weise erfahren Sie alles \u00fcber diese beeindruckenden Tiere in der Ausstellung &#8220;Mammoth Steppe&#8221; im Museum. Bewundern Sie die pr\u00e4historischen Fossilien und Nachbildungen ausgestorbener Tiere und [&hellip;]<\/p>\n","protected":false},"author":4,"featured_media":0,"parent":0,"menu_order":0,"comment_status":"closed","ping_status":"closed","template":"","meta":{"_acf_changed":false,"footnotes":""},"class_list":["post-14318","page","type-page","status-publish","hentry"],"acf":[],"_links":{"self":[{"href":"https:\/\/historyland.nl\/de\/wp-json\/wp\/v2\/pages\/14318","targetHints":{"allow":["GET"]}}],"collection":[{"href":"https:\/\/historyland.nl\/de\/wp-json\/wp\/v2\/pages"}],"about":[{"href":"https:\/\/historyland.nl\/de\/wp-json\/wp\/v2\/types\/page"}],"author":[{"embeddable":true,"href":"https:\/\/historyland.nl\/de\/wp-json\/wp\/v2\/users\/4"}],"replies":[{"embeddable":true,"href":"https:\/\/historyland.nl\/de\/wp-json\/wp\/v2\/comments?post=14318"}],"version-history":[{"count":0,"href":"https:\/\/historyland.nl\/de\/wp-json\/wp\/v2\/pages\/14318\/revisions"}],"wp:attachment":[{"href":"https:\/\/historyland.nl\/de\/wp-json\/wp\/v2\/media?parent=14318"}],"curies":[{"name":"wp","href":"https:\/\/api.w.org\/{rel}","templated":true}]}}