{"id":14057,"date":"2019-02-08T15:57:38","date_gmt":"2019-02-08T13:57:38","guid":{"rendered":"https:\/\/historyland.nl\/?page_id=14057"},"modified":"2023-08-25T13:41:25","modified_gmt":"2023-08-25T13:41:25","slug":"oorlogsveld","status":"publish","type":"page","link":"https:\/\/historyland.nl\/de\/oorlogsveld\/","title":{"rendered":"Kriegsfeld"},"content":{"rendered":"<p><\/p>\n<h2><a href=\"https:\/\/historyland.nl\/wp-content\/uploads\/haylay.jpg\" rel=\"lightbox[14057]\"><img decoding=\"async\" class=\"alignright wp-image-14407 size-medium\" src=\"https:\/\/historyland.nl\/wp-content\/uploads\/haylay-300x200.jpg\" alt=\"\" width=\"300\" height=\"200\" srcset=\"https:\/\/historyland.nl\/wp-content\/uploads\/haylay-300x200.jpg 300w, https:\/\/historyland.nl\/wp-content\/uploads\/haylay-768x511.jpg 768w, https:\/\/historyland.nl\/wp-content\/uploads\/haylay-600x400.jpg 600w, https:\/\/historyland.nl\/wp-content\/uploads\/haylay.jpg 1000w\" sizes=\"(max-width: 300px) 100vw, 300px\" \/><\/a>Kriegsfeld<\/h2>\n<p>Historyland ist ein Museum, das einen weiteren Einblick in den Verlauf der Geschichte geben und das historische Bewusstsein f\u00f6rdern m\u00f6chte.<\/p>\n<p>Leider ist Krieg ein fester Bestandteil der Geschichte.<\/p>\n<p>&nbsp;<\/p>\n<p>&nbsp;<\/p>\n<p>&nbsp;<\/p>\n<hr \/>\n<p>&nbsp;<\/p>\n<p>Wir zeigen Kriegsmaterial aus verschiedenen Kriegen: dem Ersten und Zweiten Weltkrieg sowie dem Kalten Krieg. Es ist nat\u00fcrlich nicht unsere Absicht, den Krieg zu idealisieren, sondern zu zeigen, wie der Mensch schon immer damit besch\u00e4ftigt war, seine Mitmenschen zu zerst\u00f6ren. Das begann mit Schlagst\u00f6cken und Pfeil und Bogen vom &#8220;Urmann&#8221; bis zum fortschrittlichen Kriegsger\u00e4t unserer Zeit.<\/p>\n<p>&nbsp;<\/p>\n<p>&nbsp;<\/p>\n<p>&nbsp;<\/p>\n<hr \/>\n<p><a href=\"https:\/\/historyland.nl\/wp-content\/uploads\/IMG_0033.jpg\" rel=\"lightbox[14057]\"><img decoding=\"async\" class=\"alignright wp-image-14408 size-medium\" src=\"https:\/\/historyland.nl\/wp-content\/uploads\/IMG_0033-300x200.jpg\" alt=\"\" width=\"300\" height=\"200\" srcset=\"https:\/\/historyland.nl\/wp-content\/uploads\/IMG_0033-300x200.jpg 300w, https:\/\/historyland.nl\/wp-content\/uploads\/IMG_0033-768x512.jpg 768w, https:\/\/historyland.nl\/wp-content\/uploads\/IMG_0033-1030x687.jpg 1030w, https:\/\/historyland.nl\/wp-content\/uploads\/IMG_0033-600x400.jpg 600w\" sizes=\"(max-width: 300px) 100vw, 300px\" \/><\/a>Wir sind der Meinung, dass sich Waffen m\u00f6glicherweise nur in einem Museum befinden, aber die Geschichte hat etwas anderes bewiesen. In unserem Sortiment stellen wir aus Raketen, Triebwerke, Scheinwerfer, Bomben, Panzer (sowohl britische als auch russische), Hubschrauber und verschiedene Milit\u00e4rfahrzeuge.<\/p>\n<p>&nbsp;<\/p>\n<p>&nbsp;<\/p>","protected":false},"excerpt":{"rendered":"<p>Kriegsfeld Historyland ist ein Museum, das einen weiteren Einblick in den Verlauf der Geschichte geben und das historische Bewusstsein f\u00f6rdern m\u00f6chte. Leider ist Krieg ein fester Bestandteil der Geschichte. &nbsp; &nbsp; &nbsp; &nbsp; Wir zeigen Kriegsmaterial aus verschiedenen Kriegen: dem Ersten und Zweiten Weltkrieg sowie dem Kalten Krieg. Es ist nat\u00fcrlich nicht unsere Absicht, den [&hellip;]<\/p>\n","protected":false},"author":4,"featured_media":0,"parent":0,"menu_order":0,"comment_status":"closed","ping_status":"closed","template":"","meta":{"_acf_changed":false,"footnotes":""},"class_list":["post-14057","page","type-page","status-publish","hentry"],"acf":[],"_links":{"self":[{"href":"https:\/\/historyland.nl\/de\/wp-json\/wp\/v2\/pages\/14057","targetHints":{"allow":["GET"]}}],"collection":[{"href":"https:\/\/historyland.nl\/de\/wp-json\/wp\/v2\/pages"}],"about":[{"href":"https:\/\/historyland.nl\/de\/wp-json\/wp\/v2\/types\/page"}],"author":[{"embeddable":true,"href":"https:\/\/historyland.nl\/de\/wp-json\/wp\/v2\/users\/4"}],"replies":[{"embeddable":true,"href":"https:\/\/historyland.nl\/de\/wp-json\/wp\/v2\/comments?post=14057"}],"version-history":[{"count":0,"href":"https:\/\/historyland.nl\/de\/wp-json\/wp\/v2\/pages\/14057\/revisions"}],"wp:attachment":[{"href":"https:\/\/historyland.nl\/de\/wp-json\/wp\/v2\/media?parent=14057"}],"curies":[{"name":"wp","href":"https:\/\/api.w.org\/{rel}","templated":true}]}}