{"id":13551,"date":"2018-05-09T11:54:28","date_gmt":"2018-05-09T09:54:28","guid":{"rendered":"https:\/\/historyland.nl\/?page_id=13551"},"modified":"2024-04-04T09:46:54","modified_gmt":"2024-04-04T09:46:54","slug":"bunker","status":"publish","type":"page","link":"https:\/\/historyland.nl\/de\/bunker\/","title":{"rendered":"Bunker"},"content":{"rendered":"<p>Entdecken Sie einen verborgenen Schatz in unserem Park: den Bunker. Zwischen dem Gras versteckt, ist der Bunker aus dem Zweiten Weltkrieg von au\u00dfen kaum zu sehen. Dieses besondere Bauwerk wurde w\u00e4hrend des Krieges von Zivilist Hannes de Winter in Pernis als Schutzraum vor m\u00f6glichen Bombenangriffen errichtet.<\/p>\n<p>Treten Sie ein in den Bunker und erleben Sie selbst die \u00e4ngstliche Atmosph\u00e4re eines Bombenangriffs. Lauschen Sie dem Klang der Flugzeugmotoren, dem Pfeifen fallender Bomben und sp\u00fcren Sie die Ersch\u00fc<\/p>\n<p><a href=\"https:\/\/historyland.nl\/wp-content\/uploads\/2024\/04\/IMG_4988.jpg\" rel=\"lightbox[13551]\"><img decoding=\"async\" class=\"alignright wp-image-54910 size-medium\" src=\"https:\/\/historyland.nl\/wp-content\/uploads\/2024\/04\/IMG_4988-169x300.jpg\" alt=\"\" width=\"169\" height=\"300\" srcset=\"https:\/\/historyland.nl\/wp-content\/uploads\/2024\/04\/IMG_4988-169x300.jpg 169w, https:\/\/historyland.nl\/wp-content\/uploads\/2024\/04\/IMG_4988-581x1030.jpg 581w, https:\/\/historyland.nl\/wp-content\/uploads\/2024\/04\/IMG_4988-45x80.jpg 45w, https:\/\/historyland.nl\/wp-content\/uploads\/2024\/04\/IMG_4988-768x1361.jpg 768w, https:\/\/historyland.nl\/wp-content\/uploads\/2024\/04\/IMG_4988-866x1536.jpg 866w, https:\/\/historyland.nl\/wp-content\/uploads\/2024\/04\/IMG_4988-1155x2048.jpg 1155w, https:\/\/historyland.nl\/wp-content\/uploads\/2024\/04\/IMG_4988-600x1064.jpg 600w, https:\/\/historyland.nl\/wp-content\/uploads\/2024\/04\/IMG_4988.jpg 1179w\" sizes=\"(max-width: 169px) 100vw, 169px\" \/><\/a><\/p>\n<p>tterung des Aufpralls. Durch das kleine Fenster sehen Sie sogar die Lichtblitze des Feuers, das die Bomben verursachen. F\u00fcr einen Moment kehren Sie in die Vergangenheit zur\u00fcck und erleben die Geschichte auf intensive Weise.<\/p>\n<p>Bei Historyland steht das Lernen durch Erleben im Mittelpunkt. Und das ist ein gro\u00dfer Erfolg, wie die steigenden Besucherzahlen der letzten Jahre zeigen. Kommen Sie und entdecken Sie die faszinierende Welt von Historyland selbst!<\/p>","protected":false},"excerpt":{"rendered":"<p>Entdecken Sie einen verborgenen Schatz in unserem Park: den Bunker. Zwischen dem Gras versteckt, ist der Bunker aus dem Zweiten Weltkrieg von au\u00dfen kaum zu sehen. Dieses besondere Bauwerk wurde w\u00e4hrend des Krieges von Zivilist Hannes de Winter in Pernis als Schutzraum vor m\u00f6glichen Bombenangriffen errichtet. Treten Sie ein in den Bunker und erleben Sie [&hellip;]<\/p>\n","protected":false},"author":4,"featured_media":0,"parent":0,"menu_order":0,"comment_status":"closed","ping_status":"closed","template":"","meta":{"_acf_changed":false,"footnotes":""},"class_list":["post-13551","page","type-page","status-publish","hentry"],"acf":[],"_links":{"self":[{"href":"https:\/\/historyland.nl\/de\/wp-json\/wp\/v2\/pages\/13551","targetHints":{"allow":["GET"]}}],"collection":[{"href":"https:\/\/historyland.nl\/de\/wp-json\/wp\/v2\/pages"}],"about":[{"href":"https:\/\/historyland.nl\/de\/wp-json\/wp\/v2\/types\/page"}],"author":[{"embeddable":true,"href":"https:\/\/historyland.nl\/de\/wp-json\/wp\/v2\/users\/4"}],"replies":[{"embeddable":true,"href":"https:\/\/historyland.nl\/de\/wp-json\/wp\/v2\/comments?post=13551"}],"version-history":[{"count":0,"href":"https:\/\/historyland.nl\/de\/wp-json\/wp\/v2\/pages\/13551\/revisions"}],"wp:attachment":[{"href":"https:\/\/historyland.nl\/de\/wp-json\/wp\/v2\/media?parent=13551"}],"curies":[{"name":"wp","href":"https:\/\/api.w.org\/{rel}","templated":true}]}}