{"id":13177,"date":"2017-11-23T11:41:52","date_gmt":"2017-11-23T09:41:52","guid":{"rendered":"https:\/\/historyland.nl\/?page_id=13177"},"modified":"2019-04-06T09:16:18","modified_gmt":"2019-04-06T09:16:18","slug":"tentoonstelling-1940-1945","status":"publish","type":"page","link":"https:\/\/historyland.nl\/de\/tentoonstelling-1940-1945\/","title":{"rendered":"Exposition 1940 &#8211; 1945"},"content":{"rendered":"<p><\/p>\n<h2>Exposition 1940 &#8211; 1945<\/h2>\n<p><a href=\"https:\/\/historyland.nl\/wp-content\/uploads\/website.jpg\" rel=\"lightbox[13177]\"><img decoding=\"async\" class=\"alignright size-medium wp-image-14413\" src=\"https:\/\/historyland.nl\/wp-content\/uploads\/website-300x200.jpg\" alt=\"\" width=\"300\" height=\"200\" srcset=\"https:\/\/historyland.nl\/wp-content\/uploads\/website-300x200.jpg 300w, https:\/\/historyland.nl\/wp-content\/uploads\/website-600x401.jpg 600w, https:\/\/historyland.nl\/wp-content\/uploads\/website.jpg 756w\" sizes=\"(max-width: 300px) 100vw, 300px\" \/><\/a>Die eindrucksvolle Ausstellung &#8220;1940 &#8211; 1945&#8221; zeigt Objekte, die im Zweiten Weltkrieg verwendet wurden. Beispielsweise werden Uniformen ausgestellt, die tats\u00e4chlich von niederl\u00e4ndischen, deutschen, englischen, amerikanischen und kanadischen Soldaten getragen werden. Dazu geh\u00f6rt eine Uniform einer niederl\u00e4ndischen SS und sogar ein gestreifter Anzug, der von einem politischen H\u00e4ftling eines Konzentrationslagers getragen ist.<\/p>\n<hr \/>\n<p><a href=\"https:\/\/historyland.nl\/wp-content\/uploads\/20171123_094342-e1511429742430.jpg\" rel=\"lightbox[13177]\"><img decoding=\"async\" class=\"size-medium wp-image-14657 alignleft\" src=\"https:\/\/historyland.nl\/wp-content\/uploads\/20171123_094342-e1511429742430-225x300.jpg\" alt=\"\" width=\"225\" height=\"300\" \/><\/a>Historyland zeigt auch pers\u00f6nliche Gebrauchsgegenst\u00e4nde und andere besondere Gebrauchsgegenst\u00e4nde der Streitkr\u00e4fte. Stellen Sie sich zum Beispiel einen gebrauchten Fallschirm mit einem Abfallbeh\u00e4lter vor. Der Fallschirm wurde w\u00e4hrend der Landungen in Arnhem verwendet, wo die Soldaten beschossen wurden. Der Entsorgungsbeh\u00e4lter weist daher Einschussl\u00f6cher auf. Dar\u00fcber hinaus k\u00f6nnen Sie auch Ausweise und Gutscheinb\u00fccher bewundern. Historyland ist besonders stolz auf das Dankesschreiben der K\u00f6nigin Wilhelmina an ein Mitglied der Streitkr\u00e4fte.<\/p>\n<p>&nbsp;<\/p>\n<p>&nbsp;<\/p>","protected":false},"excerpt":{"rendered":"<p>Exposition 1940 &#8211; 1945 Die eindrucksvolle Ausstellung &#8220;1940 &#8211; 1945&#8221; zeigt Objekte, die im Zweiten Weltkrieg verwendet wurden. Beispielsweise werden Uniformen ausgestellt, die tats\u00e4chlich von niederl\u00e4ndischen, deutschen, englischen, amerikanischen und kanadischen Soldaten getragen werden. Dazu geh\u00f6rt eine Uniform einer niederl\u00e4ndischen SS und sogar ein gestreifter Anzug, der von einem politischen H\u00e4ftling eines Konzentrationslagers getragen ist. [&hellip;]<\/p>\n","protected":false},"author":4,"featured_media":0,"parent":0,"menu_order":0,"comment_status":"closed","ping_status":"closed","template":"","meta":{"_acf_changed":false,"footnotes":""},"class_list":["post-13177","page","type-page","status-publish","hentry"],"acf":[],"_links":{"self":[{"href":"https:\/\/historyland.nl\/de\/wp-json\/wp\/v2\/pages\/13177","targetHints":{"allow":["GET"]}}],"collection":[{"href":"https:\/\/historyland.nl\/de\/wp-json\/wp\/v2\/pages"}],"about":[{"href":"https:\/\/historyland.nl\/de\/wp-json\/wp\/v2\/types\/page"}],"author":[{"embeddable":true,"href":"https:\/\/historyland.nl\/de\/wp-json\/wp\/v2\/users\/4"}],"replies":[{"embeddable":true,"href":"https:\/\/historyland.nl\/de\/wp-json\/wp\/v2\/comments?post=13177"}],"version-history":[{"count":0,"href":"https:\/\/historyland.nl\/de\/wp-json\/wp\/v2\/pages\/13177\/revisions"}],"wp:attachment":[{"href":"https:\/\/historyland.nl\/de\/wp-json\/wp\/v2\/media?parent=13177"}],"curies":[{"name":"wp","href":"https:\/\/api.w.org\/{rel}","templated":true}]}}