{"id":13093,"date":"2017-07-27T12:26:02","date_gmt":"2017-07-27T10:26:02","guid":{"rendered":"http:\/\/historyland.nl\/?page_id=13093"},"modified":"2024-06-12T07:42:11","modified_gmt":"2024-06-12T07:42:11","slug":"goudzoekersdorpje","status":"publish","type":"page","link":"https:\/\/historyland.nl\/de\/goudzoekersdorpje\/","title":{"rendered":"Goldgr\u00e4berdorf"},"content":{"rendered":"<p>Hinten in unserem wundersch\u00f6nen Dinosaurierpark, dort, wo die kleine Bahn f\u00e4hrt, erwartet Sie ein unvergessliches Erlebnis: unser Goldgr\u00e4berdorf. Hier k\u00f6nnen Sie sich wie ein echter Goldsucher f\u00fchlen, w\u00e4hrend Sie nach Gold (Pyrit) und Edelsteinen suchen. Und das Beste daran? Die Goldsuche ist im Eintrittspreis unseres Parks enthalten!<\/p>\n<p><img decoding=\"async\" class=\"size-medium wp-image-37347 alignright\" src=\"https:\/\/historyland.nl\/wp-content\/uploads\/55-300x200.jpg\" alt=\"Goudzoeken\" width=\"300\" height=\"200\" srcset=\"https:\/\/historyland.nl\/wp-content\/uploads\/55-300x200.jpg 300w, https:\/\/historyland.nl\/wp-content\/uploads\/55-1030x687.jpg 1030w, https:\/\/historyland.nl\/wp-content\/uploads\/55-768x512.jpg 768w, https:\/\/historyland.nl\/wp-content\/uploads\/55-1536x1024.jpg 1536w, https:\/\/historyland.nl\/wp-content\/uploads\/55-2048x1365.jpg 2048w, https:\/\/historyland.nl\/wp-content\/uploads\/55-600x400.jpg 600w\" sizes=\"(max-width: 300px) 100vw, 300px\" \/><\/p>\n<p>Beim Betreten erhalten Sie an der Kasse ein Reagenzglas, Ihre eigene &#8220;Schatzkiste&#8221;, in der Sie Ihre entdeckten Sch\u00e4tze aufbewahren k\u00f6nnen (ein Reagenzglas pro Person). So k\u00f6nnen Sie alle Ihre<\/p>\n<p>Funde sicher und bequem mit nach Hause nehmen und als Erinnerung an dieses besondere Abenteuer behalten.<\/p>\n<p>Nat\u00fcrlich haben wir auch an eine Extraportion Spannung und Spa\u00df gedacht. In unserem Dorf steht ein Automat, an dem Sie mit Bargeld ein T\u00fctchen kaufen k\u00f6nnen, um Ihre Chancen auf das Finden wertvoller Sch\u00e4tze zu erh\u00f6hen.<\/p>\n<p>Nehmen Sie eine Schaufel und machen Sie sich auf die Suche nach Gold und Edelsteinen. Wer wei\u00df, welche Sch\u00e4tze Sie im Goldgr\u00e4berdorf entdecken werden!<\/p>\n<p>Verpassen Sie dieses Abenteuer nicht w\u00e4hrend Ihres Besuchs in unserem Park. Kommen Sie vorbei und erleben Sie einen Tag voller aufregender Entdeckungen und Spa\u00df f\u00fcr die ganze Familie.<\/p>","protected":false},"excerpt":{"rendered":"<p>Hinten in unserem wundersch\u00f6nen Dinosaurierpark, dort, wo die kleine Bahn f\u00e4hrt, erwartet Sie ein unvergessliches Erlebnis: unser Goldgr\u00e4berdorf. Hier k\u00f6nnen Sie sich wie ein echter Goldsucher f\u00fchlen, w\u00e4hrend Sie nach Gold (Pyrit) und Edelsteinen suchen. Und das Beste daran? Die Goldsuche ist im Eintrittspreis unseres Parks enthalten! Beim Betreten erhalten Sie an der Kasse ein [&hellip;]<\/p>\n","protected":false},"author":4,"featured_media":0,"parent":0,"menu_order":0,"comment_status":"closed","ping_status":"closed","template":"","meta":{"_acf_changed":false,"footnotes":""},"class_list":["post-13093","page","type-page","status-publish","hentry"],"acf":[],"_links":{"self":[{"href":"https:\/\/historyland.nl\/de\/wp-json\/wp\/v2\/pages\/13093","targetHints":{"allow":["GET"]}}],"collection":[{"href":"https:\/\/historyland.nl\/de\/wp-json\/wp\/v2\/pages"}],"about":[{"href":"https:\/\/historyland.nl\/de\/wp-json\/wp\/v2\/types\/page"}],"author":[{"embeddable":true,"href":"https:\/\/historyland.nl\/de\/wp-json\/wp\/v2\/users\/4"}],"replies":[{"embeddable":true,"href":"https:\/\/historyland.nl\/de\/wp-json\/wp\/v2\/comments?post=13093"}],"version-history":[{"count":0,"href":"https:\/\/historyland.nl\/de\/wp-json\/wp\/v2\/pages\/13093\/revisions"}],"wp:attachment":[{"href":"https:\/\/historyland.nl\/de\/wp-json\/wp\/v2\/media?parent=13093"}],"curies":[{"name":"wp","href":"https:\/\/api.w.org\/{rel}","templated":true}]}}