{"id":12919,"date":"2017-04-19T14:35:19","date_gmt":"2017-04-19T12:35:19","guid":{"rendered":"http:\/\/historyland.nl\/?page_id=12919"},"modified":"2019-05-14T13:00:29","modified_gmt":"2019-05-14T13:00:29","slug":"historygolf","status":"publish","type":"page","link":"https:\/\/historyland.nl\/de\/historygolf\/","title":{"rendered":"Historisches Golf"},"content":{"rendered":"<p><\/p>\n<h3>Historisches Golf: 12 L\u00f6cher Minigolf voller Abenteuer!<\/h3>\n<p><a href=\"https:\/\/historyland.nl\/wp-content\/uploads\/IMG-20170509-WA0020.jpg\" rel=\"lightbox[12919]\"><img decoding=\"async\" class=\"alignright wp-image-14632 size-medium\" src=\"https:\/\/historyland.nl\/wp-content\/uploads\/IMG-20170509-WA0020-300x200.jpg\" alt=\"midgetgolf hellevoetsluis voorne putten\" width=\"300\" height=\"200\" srcset=\"https:\/\/historyland.nl\/wp-content\/uploads\/IMG-20170509-WA0020-300x200.jpg 300w, https:\/\/historyland.nl\/wp-content\/uploads\/IMG-20170509-WA0020-768x512.jpg 768w, https:\/\/historyland.nl\/wp-content\/uploads\/IMG-20170509-WA0020-1030x687.jpg 1030w, https:\/\/historyland.nl\/wp-content\/uploads\/IMG-20170509-WA0020-600x400.jpg 600w, https:\/\/historyland.nl\/wp-content\/uploads\/IMG-20170509-WA0020.jpg 1296w\" sizes=\"(max-width: 300px) 100vw, 300px\" \/><\/a>Historyland hat seit April 2017 den sch\u00f6nsten Minigolfplatz der Niederlande &#8211; Historisches Golf: 12 L\u00f6cher voller verr\u00fcckter Abenteuer! Ein wirklich wundersch\u00f6n gestaltetes Abenteuer Minigolf, bei dem Sie beim Golfen eine Reise durch die Geschichte machen.<\/p>\n<hr \/>\n<p>Die Kunstrasenl\u00f6cher sind herausfordernd und gleichzeitig zug\u00e4nglich, was f\u00fcr Kinder Spa\u00df macht. W\u00e4hrend des Spiels machen Sie eine wahre Reise durch die Geschichte.<\/p>\n<hr \/>\n<p><a href=\"https:\/\/historyland.nl\/wp-content\/uploads\/IMG_4676.jpg\" rel=\"lightbox[12919]\"><img decoding=\"async\" class=\"alignleft wp-image-14351 size-medium\" src=\"https:\/\/historyland.nl\/wp-content\/uploads\/IMG_4676-225x300.jpg\" alt=\"midgetgolf voor kinderen\" width=\"225\" height=\"300\" srcset=\"https:\/\/historyland.nl\/wp-content\/uploads\/IMG_4676-225x300.jpg 225w, https:\/\/historyland.nl\/wp-content\/uploads\/IMG_4676.jpg 768w, https:\/\/historyland.nl\/wp-content\/uploads\/IMG_4676-600x800.jpg 600w\" sizes=\"(max-width: 225px) 100vw, 225px\" \/><\/a><\/p>\n<p>Sie m\u00fcssen also Napoleon besiegen und einen Ausflug zum mexikanischen Chich\u00e9n Itz\u00e1 unternehmen. Mit einem Landefahrzeug oder einem Fischerboot in Form eines Lastkahns versuchen Sie, die andere Seite des Wassers zu erreichen, wo bereits das n\u00e4chste Loch auf Sie wartet. Nur f\u00fcr echte Abenteurer, gro\u00df und klein!<\/p>\n<hr \/>\n<p>Mit der Schaltfl\u00e4che k\u00f6nnen Sie Online-Tickets f\u00fcr dieses einzigartige Minigolf-Erlebnis kaufen.<\/p>\n<p><strong><a href=\"https:\/\/historyland.nl\/bezoekers-info\/toegangskaarten-kopen\/\">EINTRITTSKARTEN KAUFEN<\/a><\/strong><\/p>\n<p>&nbsp;<\/p>\n<p><br class=\"spacer_\"\/><\/p>\n<hr \/>\n<p>Unter diesem Platz bekommen Sie einen Eindruck von verschiedenen abenteuerlichen L\u00f6chern, die Sie auf dem Minigolfplatz von Historyland zu meistern haben.<\/p>\n<div id='gallery-2' class='gallery galleryid-12919 gallery-columns-3 gallery-size-medium'><figure class='gallery-item'>\n\t\t\t<div class='gallery-icon landscape'>\n\t\t\t\t<a href='https:\/\/historyland.nl\/wp-content\/uploads\/IMG_4663.jpg' rel=\"lightbox[12919]\"><img decoding=\"async\" width=\"300\" height=\"225\" src=\"https:\/\/historyland.nl\/wp-content\/uploads\/IMG_4663-300x225.jpg\" class=\"attachment-medium size-medium\" alt=\"\" srcset=\"https:\/\/historyland.nl\/wp-content\/uploads\/IMG_4663-300x225.jpg 300w, https:\/\/historyland.nl\/wp-content\/uploads\/IMG_4663-768x576.jpg 768w, https:\/\/historyland.nl\/wp-content\/uploads\/IMG_4663-1030x773.jpg 1030w, https:\/\/historyland.nl\/wp-content\/uploads\/IMG_4663-600x450.jpg 600w\" sizes=\"(max-width: 300px) 100vw, 300px\" \/><\/a>\n\t\t\t<\/div><\/figure><figure class='gallery-item'>\n\t\t\t<div class='gallery-icon landscape'>\n\t\t\t\t<a href='https:\/\/historyland.nl\/wp-content\/uploads\/IMG-20170504-WA0006.jpg' rel=\"lightbox[12919]\"><img decoding=\"async\" width=\"300\" height=\"225\" src=\"https:\/\/historyland.nl\/wp-content\/uploads\/IMG-20170504-WA0006-300x225.jpg\" class=\"attachment-medium size-medium\" alt=\"\" srcset=\"https:\/\/historyland.nl\/wp-content\/uploads\/IMG-20170504-WA0006-300x225.jpg 300w, https:\/\/historyland.nl\/wp-content\/uploads\/IMG-20170504-WA0006-768x576.jpg 768w, https:\/\/historyland.nl\/wp-content\/uploads\/IMG-20170504-WA0006-1030x773.jpg 1030w, https:\/\/historyland.nl\/wp-content\/uploads\/IMG-20170504-WA0006-600x450.jpg 600w, https:\/\/historyland.nl\/wp-content\/uploads\/IMG-20170504-WA0006.jpg 1600w\" sizes=\"(max-width: 300px) 100vw, 300px\" \/><\/a>\n\t\t\t<\/div><\/figure><figure class='gallery-item'>\n\t\t\t<div class='gallery-icon landscape'>\n\t\t\t\t<a href='https:\/\/historyland.nl\/wp-content\/uploads\/IMG_4689-e1734532101462.jpg' rel=\"lightbox[12919]\"><img decoding=\"async\" width=\"300\" height=\"93\" src=\"https:\/\/historyland.nl\/wp-content\/uploads\/IMG_4689-e1734532101462-300x93.jpg\" class=\"attachment-medium size-medium\" alt=\"Geschichte Golf: 12 L\u00f6cher Mittelwelle voll Abenteuer!\" srcset=\"https:\/\/historyland.nl\/wp-content\/uploads\/IMG_4689-e1734532101462-300x93.jpg 300w, https:\/\/historyland.nl\/wp-content\/uploads\/IMG_4689-e1734532101462-80x25.jpg 80w, https:\/\/historyland.nl\/wp-content\/uploads\/IMG_4689-e1734532101462-768x239.jpg 768w, https:\/\/historyland.nl\/wp-content\/uploads\/IMG_4689-e1734532101462-1030x321.jpg 1030w, https:\/\/historyland.nl\/wp-content\/uploads\/IMG_4689-e1734532101462-600x187.jpg 600w, https:\/\/historyland.nl\/wp-content\/uploads\/IMG_4689-e1734532101462-1536x478.jpg 1536w, https:\/\/historyland.nl\/wp-content\/uploads\/IMG_4689-e1734532101462.jpg 1920w\" sizes=\"(max-width: 300px) 100vw, 300px\" \/><\/a>\n\t\t\t<\/div><\/figure><figure class='gallery-item'>\n\t\t\t<div class='gallery-icon landscape'>\n\t\t\t\t<a href='https:\/\/historyland.nl\/wp-content\/uploads\/IMG_4672.jpg' rel=\"lightbox[12919]\"><img decoding=\"async\" width=\"300\" height=\"225\" src=\"https:\/\/historyland.nl\/wp-content\/uploads\/IMG_4672-300x225.jpg\" class=\"attachment-medium size-medium\" alt=\"\" srcset=\"https:\/\/historyland.nl\/wp-content\/uploads\/IMG_4672-300x225.jpg 300w, https:\/\/historyland.nl\/wp-content\/uploads\/IMG_4672-768x576.jpg 768w, https:\/\/historyland.nl\/wp-content\/uploads\/IMG_4672-1030x773.jpg 1030w, https:\/\/historyland.nl\/wp-content\/uploads\/IMG_4672-600x450.jpg 600w\" sizes=\"(max-width: 300px) 100vw, 300px\" \/><\/a>\n\t\t\t<\/div><\/figure><figure class='gallery-item'>\n\t\t\t<div class='gallery-icon landscape'>\n\t\t\t\t<a href='https:\/\/historyland.nl\/wp-content\/uploads\/IMG_4693.jpg' rel=\"lightbox[12919]\"><img decoding=\"async\" width=\"300\" height=\"225\" src=\"https:\/\/historyland.nl\/wp-content\/uploads\/IMG_4693-300x225.jpg\" class=\"attachment-medium size-medium\" alt=\"\" srcset=\"https:\/\/historyland.nl\/wp-content\/uploads\/IMG_4693-300x225.jpg 300w, https:\/\/historyland.nl\/wp-content\/uploads\/IMG_4693-768x576.jpg 768w, https:\/\/historyland.nl\/wp-content\/uploads\/IMG_4693-1030x773.jpg 1030w, https:\/\/historyland.nl\/wp-content\/uploads\/IMG_4693-600x450.jpg 600w\" sizes=\"(max-width: 300px) 100vw, 300px\" \/><\/a>\n\t\t\t<\/div><\/figure><figure class='gallery-item'>\n\t\t\t<div class='gallery-icon landscape'>\n\t\t\t\t<a href='https:\/\/historyland.nl\/wp-content\/uploads\/IMG_4679.jpg' rel=\"lightbox[12919]\"><img decoding=\"async\" width=\"300\" height=\"225\" src=\"https:\/\/historyland.nl\/wp-content\/uploads\/IMG_4679-300x225.jpg\" class=\"attachment-medium size-medium\" alt=\"\" srcset=\"https:\/\/historyland.nl\/wp-content\/uploads\/IMG_4679-300x225.jpg 300w, https:\/\/historyland.nl\/wp-content\/uploads\/IMG_4679-768x576.jpg 768w, https:\/\/historyland.nl\/wp-content\/uploads\/IMG_4679-1030x773.jpg 1030w, https:\/\/historyland.nl\/wp-content\/uploads\/IMG_4679-600x450.jpg 600w\" sizes=\"(max-width: 300px) 100vw, 300px\" \/><\/a>\n\t\t\t<\/div><\/figure><figure class='gallery-item'>\n\t\t\t<div class='gallery-icon portrait'>\n\t\t\t\t<a href='https:\/\/historyland.nl\/wp-content\/uploads\/IMG_4682-1-e1554108724396.jpg' rel=\"lightbox[12919]\"><img decoding=\"async\" width=\"225\" height=\"300\" src=\"https:\/\/historyland.nl\/wp-content\/uploads\/IMG_4682-1-e1554108724396-225x300.jpg\" class=\"attachment-medium size-medium\" alt=\"\" srcset=\"https:\/\/historyland.nl\/wp-content\/uploads\/IMG_4682-1-e1554108724396-225x300.jpg 225w, https:\/\/historyland.nl\/wp-content\/uploads\/IMG_4682-1-e1554108724396-768x1024.jpg 768w, https:\/\/historyland.nl\/wp-content\/uploads\/IMG_4682-1-e1554108724396-773x1030.jpg 773w, https:\/\/historyland.nl\/wp-content\/uploads\/IMG_4682-1-e1554108724396-600x800.jpg 600w\" sizes=\"(max-width: 225px) 100vw, 225px\" \/><\/a>\n\t\t\t<\/div><\/figure><figure class='gallery-item'>\n\t\t\t<div class='gallery-icon portrait'>\n\t\t\t\t<a href='https:\/\/historyland.nl\/wp-content\/uploads\/IMG_4691-1-e1554108741765.jpg' rel=\"lightbox[12919]\"><img decoding=\"async\" width=\"225\" height=\"300\" src=\"https:\/\/historyland.nl\/wp-content\/uploads\/IMG_4691-1-e1554108741765-225x300.jpg\" class=\"attachment-medium size-medium\" alt=\"\" srcset=\"https:\/\/historyland.nl\/wp-content\/uploads\/IMG_4691-1-e1554108741765-225x300.jpg 225w, https:\/\/historyland.nl\/wp-content\/uploads\/IMG_4691-1-e1554108741765-768x1024.jpg 768w, https:\/\/historyland.nl\/wp-content\/uploads\/IMG_4691-1-e1554108741765-773x1030.jpg 773w, https:\/\/historyland.nl\/wp-content\/uploads\/IMG_4691-1-e1554108741765-600x800.jpg 600w\" sizes=\"(max-width: 225px) 100vw, 225px\" \/><\/a>\n\t\t\t<\/div><\/figure><figure class='gallery-item'>\n\t\t\t<div class='gallery-icon portrait'>\n\t\t\t\t<a href='https:\/\/historyland.nl\/wp-content\/uploads\/IMG_4675-2-e1554108710651.jpg' rel=\"lightbox[12919]\"><img decoding=\"async\" width=\"225\" height=\"300\" src=\"https:\/\/historyland.nl\/wp-content\/uploads\/IMG_4675-2-e1554108710651-225x300.jpg\" class=\"attachment-medium size-medium\" alt=\"\" srcset=\"https:\/\/historyland.nl\/wp-content\/uploads\/IMG_4675-2-e1554108710651-225x300.jpg 225w, https:\/\/historyland.nl\/wp-content\/uploads\/IMG_4675-2-e1554108710651-768x1024.jpg 768w, https:\/\/historyland.nl\/wp-content\/uploads\/IMG_4675-2-e1554108710651-773x1030.jpg 773w, https:\/\/historyland.nl\/wp-content\/uploads\/IMG_4675-2-e1554108710651-600x800.jpg 600w\" sizes=\"(max-width: 225px) 100vw, 225px\" \/><\/a>\n\t\t\t<\/div><\/figure>\n\t\t<\/div>\n<\/p>","protected":false},"excerpt":{"rendered":"<p>Historisches Golf: 12 L\u00f6cher Minigolf voller Abenteuer! Historyland hat seit April 2017 den sch\u00f6nsten Minigolfplatz der Niederlande &#8211; Historisches Golf: 12 L\u00f6cher voller verr\u00fcckter Abenteuer! Ein wirklich wundersch\u00f6n gestaltetes Abenteuer Minigolf, bei dem Sie beim Golfen eine Reise durch die Geschichte machen. Die Kunstrasenl\u00f6cher sind herausfordernd und gleichzeitig zug\u00e4nglich, was f\u00fcr Kinder Spa\u00df macht. W\u00e4hrend [&hellip;]<\/p>\n","protected":false},"author":5,"featured_media":0,"parent":0,"menu_order":0,"comment_status":"closed","ping_status":"closed","template":"","meta":{"_acf_changed":false,"footnotes":""},"class_list":["post-12919","page","type-page","status-publish","hentry"],"acf":[],"_links":{"self":[{"href":"https:\/\/historyland.nl\/de\/wp-json\/wp\/v2\/pages\/12919","targetHints":{"allow":["GET"]}}],"collection":[{"href":"https:\/\/historyland.nl\/de\/wp-json\/wp\/v2\/pages"}],"about":[{"href":"https:\/\/historyland.nl\/de\/wp-json\/wp\/v2\/types\/page"}],"author":[{"embeddable":true,"href":"https:\/\/historyland.nl\/de\/wp-json\/wp\/v2\/users\/5"}],"replies":[{"embeddable":true,"href":"https:\/\/historyland.nl\/de\/wp-json\/wp\/v2\/comments?post=12919"}],"version-history":[{"count":0,"href":"https:\/\/historyland.nl\/de\/wp-json\/wp\/v2\/pages\/12919\/revisions"}],"wp:attachment":[{"href":"https:\/\/historyland.nl\/de\/wp-json\/wp\/v2\/media?parent=12919"}],"curies":[{"name":"wp","href":"https:\/\/api.w.org\/{rel}","templated":true}]}}