{"id":12526,"date":"2017-01-25T18:16:41","date_gmt":"2017-01-25T16:16:41","guid":{"rendered":"http:\/\/historyland.protrix.nl\/?page_id=12526"},"modified":"2024-02-13T10:58:23","modified_gmt":"2024-02-13T10:58:23","slug":"historische-boerderij","status":"publish","type":"page","link":"https:\/\/historyland.nl\/de\/historische-boerderij\/","title":{"rendered":"Historisches Bauernhof"},"content":{"rendered":"<p><img decoding=\"async\" class=\"alignnone wp-image-54320 size-large\" src=\"https:\/\/historyland.nl\/wp-content\/uploads\/2024\/02\/Overzicht-2022-1030x687.jpg\" alt=\"\" width=\"1030\" height=\"687\" srcset=\"https:\/\/historyland.nl\/wp-content\/uploads\/2024\/02\/Overzicht-2022-1030x687.jpg 1030w, https:\/\/historyland.nl\/wp-content\/uploads\/2024\/02\/Overzicht-2022-300x200.jpg 300w, https:\/\/historyland.nl\/wp-content\/uploads\/2024\/02\/Overzicht-2022-80x53.jpg 80w, https:\/\/historyland.nl\/wp-content\/uploads\/2024\/02\/Overzicht-2022-768x512.jpg 768w, https:\/\/historyland.nl\/wp-content\/uploads\/2024\/02\/Overzicht-2022-1536x1024.jpg 1536w, https:\/\/historyland.nl\/wp-content\/uploads\/2024\/02\/Overzicht-2022-2048x1365.jpg 2048w, https:\/\/historyland.nl\/wp-content\/uploads\/2024\/02\/Overzicht-2022-600x400.jpg 600w\" sizes=\"(max-width: 1030px) 100vw, 1030px\" \/>Betritt unsere beeindruckenden Ausstellungsr\u00e4ume und lass dich von einem<\/p>\n<p>Schatz der Vorgeschichte und Geschichte \u00fcberraschen. Hier findest du eine F\u00fclle von pr\u00e4historischen Fossilien, detaillierten Nachbildungen einst majest\u00e4tischer ausgestorbener Tiere und kostbaren Artefakten aus der fernen Vergangenheit sowie den turbulenten Epochen des Pleistoz\u00e4ns und der Weltkriege.<\/p>\n<p>Geschichte langweilig?<\/p>\n<p>Absolut nicht!<\/p>\n<p>Bei Historyland zeigen wir gemeinsam mit unseren jungen Besuchern, dass Geschichte alles andere als langweilig ist. Wir bieten eine Vielzahl spannender Aktivit\u00e4ten, mit denen sie aktiv erleben k\u00f6nnen, wie es fr\u00fcher war. Komm und entdecke es selbst!<\/p>","protected":false},"excerpt":{"rendered":"<p>Betritt unsere beeindruckenden Ausstellungsr\u00e4ume und lass dich von einem Schatz der Vorgeschichte und Geschichte \u00fcberraschen. Hier findest du eine F\u00fclle von pr\u00e4historischen Fossilien, detaillierten Nachbildungen einst majest\u00e4tischer ausgestorbener Tiere und kostbaren Artefakten aus der fernen Vergangenheit sowie den turbulenten Epochen des Pleistoz\u00e4ns und der Weltkriege. Geschichte langweilig? Absolut nicht! Bei Historyland zeigen wir gemeinsam mit [&hellip;]<\/p>\n","protected":false},"author":4,"featured_media":0,"parent":0,"menu_order":0,"comment_status":"closed","ping_status":"closed","template":"","meta":{"_acf_changed":false,"footnotes":""},"class_list":["post-12526","page","type-page","status-publish","hentry"],"acf":[],"_links":{"self":[{"href":"https:\/\/historyland.nl\/de\/wp-json\/wp\/v2\/pages\/12526","targetHints":{"allow":["GET"]}}],"collection":[{"href":"https:\/\/historyland.nl\/de\/wp-json\/wp\/v2\/pages"}],"about":[{"href":"https:\/\/historyland.nl\/de\/wp-json\/wp\/v2\/types\/page"}],"author":[{"embeddable":true,"href":"https:\/\/historyland.nl\/de\/wp-json\/wp\/v2\/users\/4"}],"replies":[{"embeddable":true,"href":"https:\/\/historyland.nl\/de\/wp-json\/wp\/v2\/comments?post=12526"}],"version-history":[{"count":0,"href":"https:\/\/historyland.nl\/de\/wp-json\/wp\/v2\/pages\/12526\/revisions"}],"wp:attachment":[{"href":"https:\/\/historyland.nl\/de\/wp-json\/wp\/v2\/media?parent=12526"}],"curies":[{"name":"wp","href":"https:\/\/api.w.org\/{rel}","templated":true}]}}