{"id":11761,"date":"2015-09-17T09:53:52","date_gmt":"2015-09-17T07:53:52","guid":{"rendered":"http:\/\/hl.ify-server.net\/?page_id=11761"},"modified":"2024-04-04T09:33:29","modified_gmt":"2024-04-04T09:33:29","slug":"thempark","status":"publish","type":"page","link":"https:\/\/historyland.nl\/de\/thempark\/","title":{"rendered":"Historypark"},"content":{"rendered":"<p><div id='gallery-2' class='gallery galleryid-11761 gallery-columns-4 gallery-size-thumbnail'><figure class='gallery-item'>\n\t\t\t<div class='gallery-icon landscape'>\n\t\t\t\t<a href='https:\/\/historyland.nl\/wp-content\/uploads\/2024\/04\/DV6A7527-scaled.jpg' rel=\"lightbox[11761]\"><img decoding=\"async\" width=\"80\" height=\"53\" src=\"https:\/\/historyland.nl\/wp-content\/uploads\/2024\/04\/DV6A7527-80x53.jpg\" class=\"attachment-thumbnail size-thumbnail\" alt=\"\" srcset=\"https:\/\/historyland.nl\/wp-content\/uploads\/2024\/04\/DV6A7527-80x53.jpg 80w, https:\/\/historyland.nl\/wp-content\/uploads\/2024\/04\/DV6A7527-300x200.jpg 300w, https:\/\/historyland.nl\/wp-content\/uploads\/2024\/04\/DV6A7527-1030x687.jpg 1030w, https:\/\/historyland.nl\/wp-content\/uploads\/2024\/04\/DV6A7527-768x512.jpg 768w, https:\/\/historyland.nl\/wp-content\/uploads\/2024\/04\/DV6A7527-1536x1024.jpg 1536w, https:\/\/historyland.nl\/wp-content\/uploads\/2024\/04\/DV6A7527-2048x1365.jpg 2048w, https:\/\/historyland.nl\/wp-content\/uploads\/2024\/04\/DV6A7527-600x400.jpg 600w\" sizes=\"(max-width: 80px) 100vw, 80px\" \/><\/a>\n\t\t\t<\/div><\/figure><figure class='gallery-item'>\n\t\t\t<div class='gallery-icon landscape'>\n\t\t\t\t<a href='https:\/\/historyland.nl\/wp-content\/uploads\/2024\/04\/DV6A7320-scaled.jpg' rel=\"lightbox[11761]\"><img decoding=\"async\" width=\"80\" height=\"53\" src=\"https:\/\/historyland.nl\/wp-content\/uploads\/2024\/04\/DV6A7320-80x53.jpg\" class=\"attachment-thumbnail size-thumbnail\" alt=\"\" srcset=\"https:\/\/historyland.nl\/wp-content\/uploads\/2024\/04\/DV6A7320-80x53.jpg 80w, https:\/\/historyland.nl\/wp-content\/uploads\/2024\/04\/DV6A7320-300x200.jpg 300w, https:\/\/historyland.nl\/wp-content\/uploads\/2024\/04\/DV6A7320-1030x687.jpg 1030w, https:\/\/historyland.nl\/wp-content\/uploads\/2024\/04\/DV6A7320-768x512.jpg 768w, https:\/\/historyland.nl\/wp-content\/uploads\/2024\/04\/DV6A7320-1536x1024.jpg 1536w, https:\/\/historyland.nl\/wp-content\/uploads\/2024\/04\/DV6A7320-2048x1365.jpg 2048w, https:\/\/historyland.nl\/wp-content\/uploads\/2024\/04\/DV6A7320-600x400.jpg 600w\" sizes=\"(max-width: 80px) 100vw, 80px\" \/><\/a>\n\t\t\t<\/div><\/figure><figure class='gallery-item'>\n\t\t\t<div class='gallery-icon landscape'>\n\t\t\t\t<a href='https:\/\/historyland.nl\/wp-content\/uploads\/2024\/04\/DV6A7124-scaled.jpg' rel=\"lightbox[11761]\"><img decoding=\"async\" width=\"80\" height=\"53\" src=\"https:\/\/historyland.nl\/wp-content\/uploads\/2024\/04\/DV6A7124-80x53.jpg\" class=\"attachment-thumbnail size-thumbnail\" alt=\"\" srcset=\"https:\/\/historyland.nl\/wp-content\/uploads\/2024\/04\/DV6A7124-80x53.jpg 80w, https:\/\/historyland.nl\/wp-content\/uploads\/2024\/04\/DV6A7124-300x200.jpg 300w, https:\/\/historyland.nl\/wp-content\/uploads\/2024\/04\/DV6A7124-1030x687.jpg 1030w, https:\/\/historyland.nl\/wp-content\/uploads\/2024\/04\/DV6A7124-768x512.jpg 768w, https:\/\/historyland.nl\/wp-content\/uploads\/2024\/04\/DV6A7124-1536x1024.jpg 1536w, https:\/\/historyland.nl\/wp-content\/uploads\/2024\/04\/DV6A7124-2048x1365.jpg 2048w, https:\/\/historyland.nl\/wp-content\/uploads\/2024\/04\/DV6A7124-600x400.jpg 600w\" sizes=\"(max-width: 80px) 100vw, 80px\" \/><\/a>\n\t\t\t<\/div><\/figure><figure class='gallery-item'>\n\t\t\t<div class='gallery-icon portrait'>\n\t\t\t\t<a href='https:\/\/historyland.nl\/wp-content\/uploads\/2024\/02\/image00003-scaled.jpeg' rel=\"lightbox[11761]\"><img decoding=\"async\" width=\"60\" height=\"80\" src=\"https:\/\/historyland.nl\/wp-content\/uploads\/2024\/02\/image00003-60x80.jpeg\" class=\"attachment-thumbnail size-thumbnail\" alt=\"\" srcset=\"https:\/\/historyland.nl\/wp-content\/uploads\/2024\/02\/image00003-60x80.jpeg 60w, https:\/\/historyland.nl\/wp-content\/uploads\/2024\/02\/image00003-225x300.jpeg 225w, https:\/\/historyland.nl\/wp-content\/uploads\/2024\/02\/image00003-773x1030.jpeg 773w, https:\/\/historyland.nl\/wp-content\/uploads\/2024\/02\/image00003-768x1024.jpeg 768w, https:\/\/historyland.nl\/wp-content\/uploads\/2024\/02\/image00003-1152x1536.jpeg 1152w, https:\/\/historyland.nl\/wp-content\/uploads\/2024\/02\/image00003-1536x2048.jpeg 1536w, https:\/\/historyland.nl\/wp-content\/uploads\/2024\/02\/image00003-600x800.jpeg 600w, https:\/\/historyland.nl\/wp-content\/uploads\/2024\/02\/image00003-scaled.jpeg 1920w\" sizes=\"(max-width: 60px) 100vw, 60px\" \/><\/a>\n\t\t\t<\/div><\/figure>\n\t\t<\/div>\n<p>Willkommen in unserem beeindruckenden Au\u00dfenpark, einem ausgedehnten Gel\u00e4nde von ganzen neun Hektar &#8211; das entspricht etwa neun Fu\u00dfballfeldern! Hier erwacht die Geschichte wirklich zum Leben. Betreten Sie eine Welt, die an Jurassic Park erinnert, wo riesige Dinosaurier Sie willkommen hei\u00dfen. Bereiten Sie sich auf ein atemberaubendes Erlebnis vor, w\u00e4hrend Sie von Weitem die wundersch\u00f6nen Nachbildungen verschiedener Dinosaurier in unserem Park sehen. Lassen Sie sich beeindrucken, w\u00e4hrend Sie an Tyrannosaurus Rex, Triceratops, Velociraptor, Brachiosaurus und vielen anderen vorbeigehen.<\/p>\n<p>Neben diesen pr\u00e4historischen Wesen finden Sie im Historypark auch das &#8220;Kriegsfeld&#8221; mit echten Milit\u00e4rfahrzeugen, in die Sie sogar Platz nehmen d\u00fcrfen. Unser bekanntes Zugmodell f\u00e4hrt seine Runden durch das Goldsucherdorf, wo Sie sich austoben und sich wie ein echter Goldsucher f\u00fchlen k\u00f6nnen. Sie k\u00f6nnen auch einen Besuch in unserem Bunker abstatten, wo Sie sogar eintreten und auf der Bank Platz nehmen k\u00f6nnen, um einen echten Luftangriff zu erleben.<\/p>\n<p>Weiter hinten im Park gelangen Sie zu R\u00f6merland, einem Spielplatz, wo Sie klettern, kriechen und schaukeln k\u00f6nnen. Im hinteren Teil befindet sich unsere Seilbahn, auf der Sie hinunter sausen k\u00f6nnen. F\u00fcr Sportbegeisterte haben wir einen 12-Loch-Minigolfplatz, auf dem Sie mit Freunden ein Wettkampfspiel spielen k\u00f6nnen. Neben dem Golfplatz finden Sie unsere Tretautos.<\/p>\n<p>Im Herzen des Parks befindet sich unsere Gastronomie, wo Sie sich auf einer unserer Terrassen bei einem leckeren Snack entspannen k\u00f6nnen, w\u00e4hrend Ihre Kinder (bei gutem Wetter) Spa\u00df in unseren Wasserparks haben, von denen einer sogar zwei Wasserrutschen hat. Kommen Sie und entdecken Sie alle Abenteuer, die unser Park zu bieten hat!<\/p>","protected":false},"excerpt":{"rendered":"<p>Willkommen in unserem beeindruckenden Au\u00dfenpark, einem ausgedehnten Gel\u00e4nde von ganzen neun Hektar &#8211; das entspricht etwa neun Fu\u00dfballfeldern! Hier erwacht die Geschichte wirklich zum Leben. Betreten Sie eine Welt, die an Jurassic Park erinnert, wo riesige Dinosaurier Sie willkommen hei\u00dfen. Bereiten Sie sich auf ein atemberaubendes Erlebnis vor, w\u00e4hrend Sie von Weitem die wundersch\u00f6nen Nachbildungen [&hellip;]<\/p>\n","protected":false},"author":4,"featured_media":0,"parent":0,"menu_order":0,"comment_status":"closed","ping_status":"closed","template":"","meta":{"_acf_changed":false,"footnotes":""},"class_list":["post-11761","page","type-page","status-publish","hentry"],"acf":[],"_links":{"self":[{"href":"https:\/\/historyland.nl\/de\/wp-json\/wp\/v2\/pages\/11761","targetHints":{"allow":["GET"]}}],"collection":[{"href":"https:\/\/historyland.nl\/de\/wp-json\/wp\/v2\/pages"}],"about":[{"href":"https:\/\/historyland.nl\/de\/wp-json\/wp\/v2\/types\/page"}],"author":[{"embeddable":true,"href":"https:\/\/historyland.nl\/de\/wp-json\/wp\/v2\/users\/4"}],"replies":[{"embeddable":true,"href":"https:\/\/historyland.nl\/de\/wp-json\/wp\/v2\/comments?post=11761"}],"version-history":[{"count":0,"href":"https:\/\/historyland.nl\/de\/wp-json\/wp\/v2\/pages\/11761\/revisions"}],"wp:attachment":[{"href":"https:\/\/historyland.nl\/de\/wp-json\/wp\/v2\/media?parent=11761"}],"curies":[{"name":"wp","href":"https:\/\/api.w.org\/{rel}","templated":true}]}}