{"id":11742,"date":"2015-09-16T15:38:27","date_gmt":"2015-09-16T13:38:27","guid":{"rendered":"http:\/\/hl.ify-server.net\/?page_id=11742"},"modified":"2019-04-19T14:02:55","modified_gmt":"2019-04-19T14:02:55","slug":"ligging-en-route","status":"publish","type":"page","link":"https:\/\/historyland.nl\/de\/bezoekers-info\/ligging-en-route\/","title":{"rendered":"Impressum &#038; Anreise"},"content":{"rendered":"<p><\/p>\n<h2><span class=\"lines\">Impressum &amp; Anreise\u00a0<\/span><\/h2>\n<p><iframe style=\"border: 0;\" src=\"https:\/\/www.google.com\/maps\/embed?pb=!1m18!1m12!1m3!1d2464.885578528562!2d4.166379916476427!3d51.84478537969197!2m3!1f0!2f0!3f0!3m2!1i1024!2i768!4f13.1!3m3!1m2!1s0x47c44e1a343a15d9%3A0x1c475eab52f093f8!2sHistoryland!5e0!3m2!1snl!2snl!4v1481721342532\" width=\"750\" height=\"500\" frameborder=\"0\" allowfullscreen=\"allowfullscreen\"><\/iframe><\/p>\n<div class=\"single2\">\n<p>Besuchsadresse:<br \/>\nHistoryland<br \/>\nRavenseweg 11c<br \/>\n3223 LM \u00a0Hellevoetsluis<\/p>\n<p>T +31 (0)181 744171<br \/>\nE <a href=\"mailto:info@historyland.nl\">info@historyland.nl<\/a><br \/>\nI <a href=\"http:\/\/www.historyland.nl\">www.historyland.nl<\/a><\/p>\n<hr \/>\n<h4>Historyland ist mit \u00f6ffentlichen Verkehrsmitteln gut zu erreichen, und zwar mit dem Bus:<\/h4>\n<p><em>von Hauptbahnhof Rotterdam<\/em><br \/>\nNehmen Sie die Metro <strong>D<\/strong> (Richtung D De Akkers) und steigen Sie an der Metrostation Spijkenisse Centrum, Spijkenisse, aus. Dort nehmen Sie die Buslinie <strong>101<\/strong> (Richtung Hellevoetsluis A.I. Laan) an der Haltestelle Kickersbloem, Hellevoetsluis und wechseln in die Buslinie <strong>102<\/strong> (Richtung Hellevoetsluis \u00fcber Ravense Hoek) bis zur Haltestelle Uniceflaan, Hellevoetsluis. Und dann noch zwei Minuten zu Fu\u00df zum Historyland.<\/p>\n<\/div>\n<p><em>von Bahnhof Zierikzee (Zeeland)<\/em><br \/>\nNehmen Sie am Busbahnhof Zierikzee den Bus <strong>133<\/strong> (Richtung Oude-Tonge Busbahnhof), steigen Sie am Busbahnhof Oude-Tonge aus und steigen Sie in den Bus <strong>136<\/strong> (Richtung Stellendam) um. Steigen Sie an der Bushaltestelle Busstation Stellendam aus. Dort nehmen Sie den Bus <strong>104<\/strong> (Richtung Hellevoetsluis), steigen Sie bei Amnesty Internationallaan, Hellevoetsluis Bushaltestelle aus und wechseln Sie in Bus <strong>102<\/strong> (Richtung Kickersbloem, Hellevoetsluis), steigen Sie bei Uniceflaan, Hellevoetsluis Bushaltestelle aus. Und dann noch zwei Minuten zu Fu\u00df zum Historyland.<\/p>\n<hr \/>\n<h4>Mit dem Auto:<\/h4>\n<p><em>von Rotterdam<\/em><br \/>\nFolgen Sie von Rotterdam der <strong>A15<\/strong> in Richtung Europoort. Nach dem Thomassentunnel nehmen Sie die Ausfahrt Brielle \/ Hellevoetsluis. Folgen Sie dann der <strong>N57<\/strong> in Richtung Hellevoetsluis. Am ersten Kreisverkehr dreiviertel Richtung Hellevoetsluis fahren Sie am n\u00e4chsten Kreisverkehr geradeaus weiter und dann die erste M\u00f6glichkeit, links in den Parkplatz von Historyland abzubiegen.<\/p>\n<p><em>von Spijkenisse<\/em><br \/>\nFolgen Sie dem Groene Kruisweg <strong>N218<\/strong>. An der Kreuzung mit Kanaaldijk West biegen Sie links in Richtung Hellevoetsluis ab, entlang des Voornes Kanaal bis zur ersten Ampel, dort biegen Sie rechts ab und nach 40 Metern wieder rechts, bis Sie zum Historyland-Parkplatz gelangen.<\/p>\n<p><em>aus Zeeland<\/em><br \/>\nFolgen Sie der <strong>N57<\/strong> nach dem Haringvlietsluizen am dritten Kreisverkehr, biegen Sie rechts ab in Richtung Hellevoetsluis, fahren Sie am n\u00e4chsten Kreisverkehr geradeaus weiter und dann der ersten M\u00f6glichkeit, und biegen Sie links auf den Parkraum Historyland ab.<\/p>\n<p><em>von Brabant<\/em><br \/>\nFolgen Sie der <strong>A29<\/strong> und dann der <strong>A15<\/strong> in Richtung Europoort. Folgen Sie von Rotterdam der <strong>A15<\/strong> in Richtung Europoort. Nach dem Thomassentunnel nehmen Sie die Ausfahrt Brielle \/ Hellevoetsluis. Folgen Sie dann der <strong>N57<\/strong> in Richtung Hellevoetsluis. Am ersten Kreisverkehr dreiviertel Richtung Hellevoetsluis, am n\u00e4chsten Kreisverkehr geradeaus und dann bei der ersten M\u00f6glichkeit links in den Parkplatz von Historyland einbiegen.<\/p>\n<hr \/>\n<h4>Kostenlose Parkpl\u00e4tze<\/h4>\n<p>Sie k\u00f6nnen kostenlos auf unserem angrenzenden Parkplatz parken, dies geschieht jedoch auf eigene Risiko. Es gibt drei Parkpl\u00e4tze f\u00fcr Busse, vier Behindertenparkpl\u00e4tze und rund achtzig Parkpl\u00e4tze. Dieser Parkplatz ist auch f\u00fcr Besucher der benachbarten Hundeschule Kynologisch Nederland zug\u00e4nglich.<\/p>","protected":false},"excerpt":{"rendered":"<p>Impressum &amp; Anreise\u00a0 Besuchsadresse: Historyland Ravenseweg 11c 3223 LM \u00a0Hellevoetsluis T +31 (0)181 744171 E info@historyland.nl I www.historyland.nl Historyland ist mit \u00f6ffentlichen Verkehrsmitteln gut zu erreichen, und zwar mit dem Bus: von Hauptbahnhof Rotterdam Nehmen Sie die Metro D (Richtung D De Akkers) und steigen Sie an der Metrostation Spijkenisse Centrum, Spijkenisse, aus. Dort nehmen [&hellip;]<\/p>\n","protected":false},"author":4,"featured_media":0,"parent":11738,"menu_order":0,"comment_status":"closed","ping_status":"closed","template":"","meta":{"_acf_changed":false,"footnotes":""},"class_list":["post-11742","page","type-page","status-publish","hentry"],"acf":[],"_links":{"self":[{"href":"https:\/\/historyland.nl\/de\/wp-json\/wp\/v2\/pages\/11742","targetHints":{"allow":["GET"]}}],"collection":[{"href":"https:\/\/historyland.nl\/de\/wp-json\/wp\/v2\/pages"}],"about":[{"href":"https:\/\/historyland.nl\/de\/wp-json\/wp\/v2\/types\/page"}],"author":[{"embeddable":true,"href":"https:\/\/historyland.nl\/de\/wp-json\/wp\/v2\/users\/4"}],"replies":[{"embeddable":true,"href":"https:\/\/historyland.nl\/de\/wp-json\/wp\/v2\/comments?post=11742"}],"version-history":[{"count":0,"href":"https:\/\/historyland.nl\/de\/wp-json\/wp\/v2\/pages\/11742\/revisions"}],"up":[{"embeddable":true,"href":"https:\/\/historyland.nl\/de\/wp-json\/wp\/v2\/pages\/11738"}],"wp:attachment":[{"href":"https:\/\/historyland.nl\/de\/wp-json\/wp\/v2\/media?parent=11742"}],"curies":[{"name":"wp","href":"https:\/\/api.w.org\/{rel}","templated":true}]}}