{"id":11738,"date":"2016-05-17T09:32:13","date_gmt":"2016-05-17T09:32:13","guid":{"rendered":"http:\/\/hl.ify-server.net\/?page_id=11738"},"modified":"2026-04-01T13:56:04","modified_gmt":"2026-04-01T13:56:04","slug":"bezoekers-info","status":"publish","type":"page","link":"https:\/\/historyland.nl\/de\/bezoekers-info\/","title":{"rendered":"Besucherinformationen"},"content":{"rendered":"<p><\/p>\n<div dir=\"ltr\">\n<div>\n<div dir=\"ltr\" data-smartmail=\"gmail_signature\">\n<div dir=\"ltr\">\n<div>\n<h4><strong>OFFNUNGSZEITEN<\/strong><\/h4>\n<\/div>\n<\/div>\n<\/div>\n<\/div>\n<\/div>\n<table style=\"height: 269px;\" width=\"300\">\n<tbody>\n<tr>\n<td width=\"94\"><strong><span style=\"color: #333333;\">Montag<\/span><\/strong><\/td>\n<td width=\"123\"><span style=\"color: #ff0000;\"><strong>Geschlossen*<\/strong><\/span><\/td>\n<\/tr>\n<tr>\n<td width=\"94\"><strong><span style=\"color: #333333;\">Dienstag<\/span><\/strong><\/td>\n<td width=\"123\"><strong><span style=\"color: #333333;\">10.00 &#8211; 17.00 Uhr<\/span><\/strong><\/td>\n<\/tr>\n<tr>\n<td width=\"94\"><strong><span style=\"color: #333333;\">Mittwoch<\/span><\/strong><\/td>\n<td width=\"123\"><strong><span style=\"color: #333333;\">10.00 &#8211; 17.00 Uhr<\/span><\/strong><\/td>\n<\/tr>\n<tr>\n<td width=\"94\"><strong><span style=\"color: #333333;\">Donnerstag<\/span><\/strong><\/td>\n<td width=\"123\"><strong><span style=\"color: #333333;\">10.00 &#8211; 17.00 Uhr<\/span><\/strong><\/td>\n<\/tr>\n<tr>\n<td width=\"94\"><strong><span style=\"color: #333333;\">Freitag<\/span><\/strong><\/td>\n<td width=\"123\"><strong><span style=\"color: #333333;\">10.00 &#8211; 17.00 Uhr<\/span><\/strong><\/td>\n<\/tr>\n<tr>\n<td width=\"94\"><strong><span style=\"color: #333333;\">Samstag<\/span><\/strong><\/td>\n<td width=\"123\"><strong><span style=\"color: #333333;\">10.00 &#8211; 17.00 Uhr<\/span><\/strong><\/td>\n<\/tr>\n<tr>\n<td width=\"94\"><strong><span style=\"color: #333333;\">Sonntag<\/span><\/strong><\/td>\n<td width=\"123\"><strong><span style=\"color: #333333;\">10.00 &#8211; 17.00 Uhr<\/span><\/strong><\/td>\n<\/tr>\n<\/tbody>\n<\/table>\n<p>Wir schlie\u00dfen um 17:00 Uhr, aber nach 16:00 Uhr ist der Zugang zum Gel\u00e4nde nicht mehr m\u00f6glich<\/p>\n<p>W\u00e4hrend der Schulferien der Mittelregion sind wir auch montags und dienstags von 10:00 bis 17:00 Uhr ge\u00f6ffnet. In der Zeit vom 1. Oktober bis 1. April haben wir <strong>montags und dienstags<\/strong> geschlossen. Am ersten Ostertag, am K\u00f6nigstag, am Himmelfahrtstag, am ersten Pfingsttag, am 24. Dezember sowie an beiden Weihnachtstagen, Silvester und Neujahr haben wir ebenfalls geschlossen.<\/p>\n<h2><strong>TARIFE<\/strong><\/h2>\n<h3><span style=\"color: #ff0000;\"><em>VORTEILTICKET = EINTRITT + MINIGOLF<\/em><\/span><\/h3>\n<table width=\"100%\">\n<tbody>\n<tr>\n<td width=\"75%\"><strong>Kinder bis 2 Jahre\u00a0<\/strong><\/td>\n<td width=\"25%\"><strong>Kostenlos<\/strong><\/td>\n<\/tr>\n<tr>\n<td width=\"75%\"><strong>Kinderen (3 bis 12 Jahre)<\/strong><\/td>\n<td width=\"25%\"><strong>\u20ac 20,-<\/strong><\/td>\n<\/tr>\n<tr>\n<td width=\"75%\"><strong>Erwachsene<\/strong><\/td>\n<td width=\"25%\"><strong>\u20ac 22,50<\/strong><\/td>\n<\/tr>\n<\/tbody>\n<\/table>\n<p>&nbsp;<\/p>\n<h3><em>Entree Historyland<\/em><\/h3>\n<table width=\"100%\">\n<tbody>\n<tr>\n<td width=\"75%\"><strong>Kinder bis 2 Jahre<\/strong><\/td>\n<td width=\"25%\"><strong>Kostenlos<\/strong><\/td>\n<\/tr>\n<tr>\n<td width=\"75%\"><strong>Kinder (3 bis 12 Jahre)<\/strong><\/td>\n<td width=\"25%\"><strong>\u20ac 15,-<\/strong><\/td>\n<\/tr>\n<tr>\n<td width=\"75%\"><strong>Erwachsene<\/strong><\/td>\n<td width=\"25%\"><strong>\u20ac 17,50<\/strong><\/td>\n<\/tr>\n<tr>\n<td width=\"75%\"><strong>Jahreskarte Eintritt ( 1 Jahr unbegrentz)\u00a0<\/strong><\/td>\n<td width=\"25%\"><strong>\u20ac 59,95<\/strong><\/td>\n<\/tr>\n<\/tbody>\n<\/table>\n<div class=\"headline\">\n<p>&nbsp;<\/p>\n<h3><em>MINIGOLF TARIFE (IN VERBINDUNG MIT G\u00dcLTIGEM EINTRITTSNACHWEIS)<\/em><\/h3>\n<\/div>\n<table width=\"100%\">\n<tbody>\n<tr>\n<td width=\"75%\"><strong>Kinder bis 2 Jahre<\/strong><\/td>\n<td width=\"25%\">Kostenlos<\/td>\n<\/tr>\n<tr>\n<td width=\"75%\"><strong>Kinder (3 bis 12 Jahre)<\/strong><\/td>\n<td width=\"25%\"><strong>\u20ac 6,-<\/strong><\/td>\n<\/tr>\n<tr>\n<td width=\"75%\"><strong>Erwachsene<\/strong><\/td>\n<td width=\"25%\"><strong>\u20ac 6,-<\/strong><\/td>\n<\/tr>\n<tr>\n<td width=\"75%\"><strong>Jahrenkarteninhaber<\/strong><\/td>\n<td width=\"25%\"><strong>\u20ac 6,-<\/strong><\/td>\n<\/tr>\n<\/tbody>\n<\/table>\n<div class=\"headline\">\n<h3><\/h3>\n<h3><em>GRUPPENTARIFE (AB 20 PERONEN)<\/em><\/h3>\n<\/div>\n<table width=\"100%\">\n<tbody>\n<tr>\n<td width=\"75%\"><strong>Kinder bis 2 Jahre<\/strong><\/td>\n<td width=\"25%\">Kostenlos<\/td>\n<\/tr>\n<tr>\n<td width=\"75%\"><strong>Eintritt Historyland Erwachsene\/Kind<\/strong><\/td>\n<td width=\"25%\"><strong>\u20ac 9,-<\/strong><\/td>\n<\/tr>\n<tr>\n<td width=\"75%\"><strong>Eintritt + Minigolf Erwachsene\/Kind<\/strong><\/td>\n<td width=\"25%\"><strong>\u20ac 13,50<\/strong><\/td>\n<\/tr>\n<\/tbody>\n<\/table>\n<p>Bei uns stehen dein Komfort und deine Sicherheit an erster Stelle, deshalb m\u00f6chten wir dich gerne \u00fcber unsere Zahlungsrichtlinien informieren. Um eine reibungslose und sorgenfreie Bezahlung zu gew\u00e4hrleisten, akzeptieren wir ausschlie\u00dflich Kartenzahlungen an unseren Gastronomiepunkten. In unserem Gesch\u00e4ft und an der Kasse f\u00fcr die Eintrittskarten akzeptieren wir jedoch weiterhin Bargeld.<\/p>\n<div>\n<p>F\u00fcr weitere Informationen verweisen wir dich gerne auf unsere h\u00e4ufig gestellten Fragen. Wenn du mehr \u00fcber die Reservierung f\u00fcr Gruppen erfahren m\u00f6chtest, stehen wir bei Historyland bereit, um dir bei Fragen zu helfen und dich \u00fcber die M\u00f6glichkeiten zu beraten. Du kannst uns \u00fcber <a target=\"_new\" rel=\"noopener\">info@historyland.nl<\/a> kontaktieren oder unser Kontaktformular ausf\u00fcllen, und wir werden so schnell wie m\u00f6glich antworten.<\/p>\n<p>Zus\u00e4tzlich bieten wir die M\u00f6glichkeit, Eintrittskarten an der Rezeption zu erwerben (wir bitten h\u00f6flich um Kartenzahlung) oder sie online zu kaufen<\/p>\n<p>&nbsp;<\/p>\n<\/div>\n<p><img decoding=\"async\" class=\"alignleft wp-image-15669\" src=\"https:\/\/historyland.nl\/wp-content\/uploads\/honden-verboden-7010.png\" alt=\"\" width=\"129\" height=\"106\" \/><\/p>","protected":false},"excerpt":{"rendered":"<p>OFFNUNGSZEITEN Montag Geschlossen* Dienstag 10.00 &#8211; 17.00 Uhr Mittwoch 10.00 &#8211; 17.00 Uhr Donnerstag 10.00 &#8211; 17.00 Uhr Freitag 10.00 &#8211; 17.00 Uhr Samstag 10.00 &#8211; 17.00 Uhr Sonntag 10.00 &#8211; 17.00 Uhr Wir schlie\u00dfen um 17:00 Uhr, aber nach 16:00 Uhr ist der Zugang zum Gel\u00e4nde nicht mehr m\u00f6glich W\u00e4hrend der Schulferien der Mittelregion [&hellip;]<\/p>\n","protected":false},"author":4,"featured_media":0,"parent":0,"menu_order":0,"comment_status":"closed","ping_status":"closed","template":"","meta":{"_acf_changed":false,"footnotes":""},"class_list":["post-11738","page","type-page","status-publish","hentry"],"acf":[],"_links":{"self":[{"href":"https:\/\/historyland.nl\/de\/wp-json\/wp\/v2\/pages\/11738","targetHints":{"allow":["GET"]}}],"collection":[{"href":"https:\/\/historyland.nl\/de\/wp-json\/wp\/v2\/pages"}],"about":[{"href":"https:\/\/historyland.nl\/de\/wp-json\/wp\/v2\/types\/page"}],"author":[{"embeddable":true,"href":"https:\/\/historyland.nl\/de\/wp-json\/wp\/v2\/users\/4"}],"replies":[{"embeddable":true,"href":"https:\/\/historyland.nl\/de\/wp-json\/wp\/v2\/comments?post=11738"}],"version-history":[{"count":1,"href":"https:\/\/historyland.nl\/de\/wp-json\/wp\/v2\/pages\/11738\/revisions"}],"predecessor-version":[{"id":62546,"href":"https:\/\/historyland.nl\/de\/wp-json\/wp\/v2\/pages\/11738\/revisions\/62546"}],"wp:attachment":[{"href":"https:\/\/historyland.nl\/de\/wp-json\/wp\/v2\/media?parent=11738"}],"curies":[{"name":"wp","href":"https:\/\/api.w.org\/{rel}","templated":true}]}}