{"id":11555,"date":"2015-09-17T09:43:57","date_gmt":"2015-09-17T07:43:57","guid":{"rendered":"http:\/\/historyland.ify-server.net\/?page_id=11555"},"modified":"2019-04-18T12:38:07","modified_gmt":"2019-04-18T12:38:07","slug":"fossielen-zoeken","status":"publish","type":"page","link":"https:\/\/historyland.nl\/de\/fossielen-zoeken\/","title":{"rendered":"Fossile Suche"},"content":{"rendered":"<p><\/p>\n<h2 style=\"text-align: justify;\"><a href=\"https:\/\/historyland.nl\/wp-content\/uploads\/20180629_114356.jpg\" rel=\"lightbox[11555]\"><img decoding=\"async\" class=\"alignright wp-image-15223 size-medium\" src=\"https:\/\/historyland.nl\/wp-content\/uploads\/20180629_114356-300x225.jpg\" alt=\"\" width=\"300\" height=\"225\" srcset=\"https:\/\/historyland.nl\/wp-content\/uploads\/20180629_114356-300x225.jpg 300w, https:\/\/historyland.nl\/wp-content\/uploads\/20180629_114356-768x576.jpg 768w, https:\/\/historyland.nl\/wp-content\/uploads\/20180629_114356-1030x773.jpg 1030w, https:\/\/historyland.nl\/wp-content\/uploads\/20180629_114356-600x450.jpg 600w\" sizes=\"(max-width: 300px) 100vw, 300px\" \/><\/a> Suche<\/h2>\n<p>\u00dcbernimm die Rolle eines Wissenschaftlers und suche nach Spuren der Vergangenheit. Aufregend! Im Historypark k\u00f6nnen Kinder in zwei eigens eingerichteten Ausgrabungsfeldern kostenlos Funde aus der Urzeit finden.<br \/>\n<br class=\"spacer_\" \/><\/p>\n<p>&nbsp;<\/p>\n<p><br class=\"spacer_\" \/><br \/>\n<br class=\"spacer_\" \/><\/p>\n<hr \/>\n<p><a href=\"https:\/\/historyland.nl\/wp-content\/uploads\/opgraaf-dino.jpg\" rel=\"lightbox[11555]\"><img decoding=\"async\" class=\"wp-image-15233 size-medium alignright\" src=\"https:\/\/historyland.nl\/wp-content\/uploads\/opgraaf-dino-300x174.jpg\" alt=\"\" width=\"300\" height=\"174\" srcset=\"https:\/\/historyland.nl\/wp-content\/uploads\/opgraaf-dino-300x174.jpg 300w, https:\/\/historyland.nl\/wp-content\/uploads\/opgraaf-dino-600x348.jpg 600w, https:\/\/historyland.nl\/wp-content\/uploads\/opgraaf-dino.jpg 752w\" sizes=\"(max-width: 300px) 100vw, 300px\" \/><\/a> Im Historypark k\u00f6nnen die Kinder selbst mit Werkzeugen ein echtes Dinosaurierskelett ausheben. Auch sehr sch\u00f6n w\u00e4hrend eines Kindergeburtstags oder Schulbesuchs.<\/p>\n<p><strong>\u00a0<\/strong><\/p>","protected":false},"excerpt":{"rendered":"<p>Suche \u00dcbernimm die Rolle eines Wissenschaftlers und suche nach Spuren der Vergangenheit. Aufregend! Im Historypark k\u00f6nnen Kinder in zwei eigens eingerichteten Ausgrabungsfeldern kostenlos Funde aus der Urzeit finden. &nbsp; Im Historypark k\u00f6nnen die Kinder selbst mit Werkzeugen ein echtes Dinosaurierskelett ausheben. Auch sehr sch\u00f6n w\u00e4hrend eines Kindergeburtstags oder Schulbesuchs. \u00a0<\/p>\n","protected":false},"author":4,"featured_media":13548,"parent":0,"menu_order":0,"comment_status":"closed","ping_status":"open","template":"","meta":{"_acf_changed":false,"footnotes":""},"class_list":["post-11555","page","type-page","status-publish","has-post-thumbnail","hentry"],"acf":[],"_links":{"self":[{"href":"https:\/\/historyland.nl\/de\/wp-json\/wp\/v2\/pages\/11555","targetHints":{"allow":["GET"]}}],"collection":[{"href":"https:\/\/historyland.nl\/de\/wp-json\/wp\/v2\/pages"}],"about":[{"href":"https:\/\/historyland.nl\/de\/wp-json\/wp\/v2\/types\/page"}],"author":[{"embeddable":true,"href":"https:\/\/historyland.nl\/de\/wp-json\/wp\/v2\/users\/4"}],"replies":[{"embeddable":true,"href":"https:\/\/historyland.nl\/de\/wp-json\/wp\/v2\/comments?post=11555"}],"version-history":[{"count":0,"href":"https:\/\/historyland.nl\/de\/wp-json\/wp\/v2\/pages\/11555\/revisions"}],"wp:featuredmedia":[{"embeddable":true,"href":"https:\/\/historyland.nl\/de\/wp-json\/"}],"wp:attachment":[{"href":"https:\/\/historyland.nl\/de\/wp-json\/wp\/v2\/media?parent=11555"}],"curies":[{"name":"wp","href":"https:\/\/api.w.org\/{rel}","templated":true}]}}