{"id":11532,"date":"2015-04-16T09:12:10","date_gmt":"2015-04-16T09:12:10","guid":{"rendered":"http:\/\/historyland.ify-server.net\/?page_id=11532"},"modified":"2019-04-18T10:44:51","modified_gmt":"2019-04-18T10:44:51","slug":"giftshop","status":"publish","type":"page","link":"https:\/\/historyland.nl\/de\/giftshop\/","title":{"rendered":"Geschenkeladen"},"content":{"rendered":"<p><\/p>\n<h2>Geschenkeladen<\/h2>\n<p><img decoding=\"async\" class=\"size-medium wp-image-14603 alignright\" src=\"https:\/\/historyland.nl\/wp-content\/uploads\/IMG_8082-300x200.jpg\" alt=\"\" width=\"300\" height=\"200\" srcset=\"https:\/\/historyland.nl\/wp-content\/uploads\/IMG_8082-300x200.jpg 300w, https:\/\/historyland.nl\/wp-content\/uploads\/IMG_8082-768x512.jpg 768w, https:\/\/historyland.nl\/wp-content\/uploads\/IMG_8082-1030x687.jpg 1030w, https:\/\/historyland.nl\/wp-content\/uploads\/IMG_8082-600x400.jpg 600w\" sizes=\"(max-width: 300px) 100vw, 300px\" \/> haben einen speziellen &#8220;historischen&#8221; Geschenkeladen f\u00fcr eine sch\u00f6ne Erinnerung an Historyland. Hier verkaufen wir Souvenirs und Produkte, die das Thema Historyland unterst\u00fctzen. Denken Sie zum Beispiel an kleine Fossilien, Lernhefte, Kristalle usw.<\/p>\n<p>Finden Sie hier eine Kleinigkeit f\u00fcr Jung und Alt. Auch sch\u00f6n als Geschenk zu geben. Unser Geschenkeladen ist frei zug\u00e4nglich.<\/p>","protected":false},"excerpt":{"rendered":"<p>Geschenkeladen haben einen speziellen &#8220;historischen&#8221; Geschenkeladen f\u00fcr eine sch\u00f6ne Erinnerung an Historyland. Hier verkaufen wir Souvenirs und Produkte, die das Thema Historyland unterst\u00fctzen. Denken Sie zum Beispiel an kleine Fossilien, Lernhefte, Kristalle usw. Finden Sie hier eine Kleinigkeit f\u00fcr Jung und Alt. Auch sch\u00f6n als Geschenk zu geben. Unser Geschenkeladen ist frei zug\u00e4nglich.<\/p>\n","protected":false},"author":4,"featured_media":12539,"parent":0,"menu_order":0,"comment_status":"closed","ping_status":"open","template":"","meta":{"_acf_changed":false,"footnotes":""},"class_list":["post-11532","page","type-page","status-publish","has-post-thumbnail","hentry"],"acf":[],"_links":{"self":[{"href":"https:\/\/historyland.nl\/de\/wp-json\/wp\/v2\/pages\/11532","targetHints":{"allow":["GET"]}}],"collection":[{"href":"https:\/\/historyland.nl\/de\/wp-json\/wp\/v2\/pages"}],"about":[{"href":"https:\/\/historyland.nl\/de\/wp-json\/wp\/v2\/types\/page"}],"author":[{"embeddable":true,"href":"https:\/\/historyland.nl\/de\/wp-json\/wp\/v2\/users\/4"}],"replies":[{"embeddable":true,"href":"https:\/\/historyland.nl\/de\/wp-json\/wp\/v2\/comments?post=11532"}],"version-history":[{"count":0,"href":"https:\/\/historyland.nl\/de\/wp-json\/wp\/v2\/pages\/11532\/revisions"}],"wp:featuredmedia":[{"embeddable":true,"href":"https:\/\/historyland.nl\/de\/wp-json\/"}],"wp:attachment":[{"href":"https:\/\/historyland.nl\/de\/wp-json\/wp\/v2\/media?parent=11532"}],"curies":[{"name":"wp","href":"https:\/\/api.w.org\/{rel}","templated":true}]}}