{"id":11530,"date":"2015-04-16T09:11:33","date_gmt":"2015-04-16T09:11:33","guid":{"rendered":"http:\/\/historyland.ify-server.net\/?page_id=11530"},"modified":"2024-02-28T12:37:26","modified_gmt":"2024-02-28T12:37:26","slug":"tentoonstelling","status":"publish","type":"page","link":"https:\/\/historyland.nl\/de\/tentoonstelling\/","title":{"rendered":"Exposition &#8220;Die Mammutsteppe&#8221;"},"content":{"rendered":"<p><\/p>\n<h2>Die Mammutsteppe<\/h2>\n<p><img decoding=\"async\" class=\"alignright wp-image-14386 size-medium\" src=\"https:\/\/historyland.nl\/wp-content\/uploads\/20190222_1302384683307470513335651-225x300.jpg\" alt=\"\" width=\"225\" height=\"300\" srcset=\"https:\/\/historyland.nl\/wp-content\/uploads\/20190222_1302384683307470513335651-225x300.jpg 225w, https:\/\/historyland.nl\/wp-content\/uploads\/20190222_1302384683307470513335651-768x1024.jpg 768w, https:\/\/historyland.nl\/wp-content\/uploads\/20190222_1302384683307470513335651-773x1030.jpg 773w, https:\/\/historyland.nl\/wp-content\/uploads\/20190222_1302384683307470513335651-600x800.jpg 600w\" sizes=\"(max-width: 225px) 100vw, 225px\" \/>W\u00e4hrend der letzten Eiszeit (vor 116.000 &#8211; 10.000 Jahren) war es in Europa kalt. Sehr kalt!<\/p>\n<p>&nbsp;<\/p>\n<p>&nbsp;<\/p>\n<p>Gro\u00dfe Herden von Pferden, Bisons und Rentieren durchstreiften die kalte Steppe, und es gab Mammuts, wollene Nash\u00f6rner, S\u00e4belzahntiger, H\u00f6hlenb\u00e4ren und H\u00f6hlenl\u00f6wen.<\/p>\n<p>&nbsp;<\/p>\n<p>&nbsp;<\/p>\n<p>In der Ausstellung f\u00fchren wir Sie zur\u00fcck in die &#8220;Pleistoz\u00e4n-\u00c4ra&#8221;, die Zeit, als hier die wolligen Mammuts herumgingen.<\/p>\n<p><br class=\"spacer_\" \/><br \/>\n<br class=\"spacer_\" \/><\/p>\n<hr \/>\n<p><img decoding=\"async\" class=\"wp-image-14390 size-medium alignleft\" src=\"https:\/\/historyland.nl\/wp-content\/uploads\/20190222_130504-14704128800728201392-225x300.jpg\" alt=\"\" width=\"225\" height=\"300\" srcset=\"https:\/\/historyland.nl\/wp-content\/uploads\/20190222_130504-14704128800728201392-225x300.jpg 225w, https:\/\/historyland.nl\/wp-content\/uploads\/20190222_130504-14704128800728201392-768x1024.jpg 768w, https:\/\/historyland.nl\/wp-content\/uploads\/20190222_130504-14704128800728201392-773x1030.jpg 773w, https:\/\/historyland.nl\/wp-content\/uploads\/20190222_130504-14704128800728201392-600x800.jpg 600w\" sizes=\"(max-width: 225px) 100vw, 225px\" \/><\/p>\n<p>Im Museum begegnen Sie einer lebensgro\u00dfen Mammutfamilie (Stier, Kuh und Kalb), einer furchterregenden S\u00e4belzahnkatze, einem H\u00f6hlenb\u00e4ren oder einem <a href=\"https:\/\/historyland.nl\/gallery-item\/wolharige-neushoorn\/\">wolligen Nashorn<\/a>, die dann auch dort herumlaufen.<\/p>\n<p>Hier finden Sie eine umfangreiche Sammlung von Fossilien aus verschiedenen Epochen und ein zusammengesetztes Mammutskelett, das aus 184 verschiedenen Mammuts besteht. W\u00e4hrend dieses Abenteuers sehen Sie, wie die ersten modernen Menschen, die J\u00e4ger und Sammler, lebten, lebten und jagten. Sehen Sie sich an, welche Werkzeuge sie in der Steinzeit verwendet haben, oder stellen Sie Pfeil und Bogen selbst her!<\/p>\n<p><br class=\"spacer_\"\/><br \/>\n<br class=\"spacer_\"\/><\/p>\n<hr \/>\n<p>M\u00f6chten Sie mehr \u00fcber die Mammutsteppe erfahren oder einfach zu Hause lesen? Das Buch \u00fcber die Mammutsteppe von Dick Mol und Bram Langeveld ist in unserem <a href=\"https:\/\/historyland.nl\/giftshop\/\">Geschenkeladen<\/a> erh\u00e4ltlich.<\/p>","protected":false},"excerpt":{"rendered":"<p>Die Mammutsteppe W\u00e4hrend der letzten Eiszeit (vor 116.000 &#8211; 10.000 Jahren) war es in Europa kalt. Sehr kalt! &nbsp; &nbsp; Gro\u00dfe Herden von Pferden, Bisons und Rentieren durchstreiften die kalte Steppe, und es gab Mammuts, wollene Nash\u00f6rner, S\u00e4belzahntiger, H\u00f6hlenb\u00e4ren und H\u00f6hlenl\u00f6wen. &nbsp; &nbsp; In der Ausstellung f\u00fchren wir Sie zur\u00fcck in die &#8220;Pleistoz\u00e4n-\u00c4ra&#8221;, die Zeit, [&hellip;]<\/p>\n","protected":false},"author":4,"featured_media":0,"parent":0,"menu_order":0,"comment_status":"closed","ping_status":"open","template":"","meta":{"_acf_changed":false,"footnotes":""},"class_list":["post-11530","page","type-page","status-publish","hentry"],"acf":[],"_links":{"self":[{"href":"https:\/\/historyland.nl\/de\/wp-json\/wp\/v2\/pages\/11530","targetHints":{"allow":["GET"]}}],"collection":[{"href":"https:\/\/historyland.nl\/de\/wp-json\/wp\/v2\/pages"}],"about":[{"href":"https:\/\/historyland.nl\/de\/wp-json\/wp\/v2\/types\/page"}],"author":[{"embeddable":true,"href":"https:\/\/historyland.nl\/de\/wp-json\/wp\/v2\/users\/4"}],"replies":[{"embeddable":true,"href":"https:\/\/historyland.nl\/de\/wp-json\/wp\/v2\/comments?post=11530"}],"version-history":[{"count":0,"href":"https:\/\/historyland.nl\/de\/wp-json\/wp\/v2\/pages\/11530\/revisions"}],"wp:attachment":[{"href":"https:\/\/historyland.nl\/de\/wp-json\/wp\/v2\/media?parent=11530"}],"curies":[{"name":"wp","href":"https:\/\/api.w.org\/{rel}","templated":true}]}}